{"id":20807,"date":"2025-05-21T19:12:47","date_gmt":"2025-05-21T23:12:47","guid":{"rendered":"https:\/\/www.toonboom.com\/?page_id=20807"},"modified":"2025-07-22T15:45:26","modified_gmt":"2025-07-22T19:45:26","slug":"comunidad","status":"publish","type":"page","link":"https:\/\/www.toonboom.com\/es\/comunidad","title":{"rendered":"Comunidad"},"content":{"rendered":"\t\t<header class=\"header-secondary-b section-block yellow-accent\" data-scroll-section>\n\t\t\t<div class=\"container\">\n\t\t\t\t<div class=\"row row-main\">\n\t\t\t\t\t<div class=\"col-md-6 col-content\">\n\t\t\t\t\t\t<div class=\"header\">\n\t\t\t\t\t\t\t\t\t\t\t\t\t\t\t<h1 class=\"upper-title-1\">Comunidad<\/h1>\t\t\t\t\t\t\t\n\t\t\t\t\t\t\t\t\t\t\t\t\t\t\t<h2 class=\"title title-1\">Con\u00e9ctate con nuestra comunidad<\/h2>\t\t\t\t\t\t\t\t\t\t\t\n\t\t\t\t\t\t\t\t\t\t\t\t\t\t\t\t\t\t\t\t\t\t\t\t<div class=\"text\">\n\t\t\t\t\t\t\t\t\t\t<p>Ya sea que necesite ayuda t\u00e9cnica avanzada en Storyboard Pro y Harmony o reci\u00e9n est\u00e9 comenzando su viaje en la animaci\u00f3n, \u00a1siga los enlaces a continuaci\u00f3n para unirse a la conversaci\u00f3n en la comunidad Toon Boom!<\/p>\n\t\t\t\t\t\t\t\t\t<\/div>\n\t\t\t\t\t\t\t\t\n\t\t\t\t\t\t\t\t\t\t\t\t\t\t\t\t\t\t\t\t\t<\/div>\n\t\t\t\t\t<\/div>\n\t\t\t\t\t<div class=\"col-xl-4 col-md-5 offset-xl-2 offset-md-1 col-image\">\n\t\t\t\t\t\t<div class=\"image-wrapper\">\n\t\t\t\t\t\t\t\t\t\t\t\t\t\t\t\t\t\t\t\t\t\t<img fetchpriority=\"high\" decoding=\"async\" width=\"864\" height=\"1152\" src=\"https:\/\/cdn3.toonboom.com\/wp-content\/uploads\/2025\/07\/09125606\/doodle-plant.jpg\" class=\"image\" alt=\"\" sizes=\"auto\" loading=\"eager\" srcset=\"https:\/\/cdn3.toonboom.com\/wp-content\/uploads\/2025\/07\/09125606\/doodle-plant.jpg 864w, https:\/\/cdn3.toonboom.com\/wp-content\/uploads\/2025\/07\/09125606\/doodle-plant-225x300.jpg 225w, https:\/\/cdn3.toonboom.com\/wp-content\/uploads\/2025\/07\/09125606\/doodle-plant-768x1024.jpg 768w, https:\/\/cdn3.toonboom.com\/wp-content\/uploads\/2025\/07\/09125606\/doodle-plant-96x128.jpg 96w, https:\/\/cdn3.toonboom.com\/wp-content\/uploads\/2025\/07\/09125606\/doodle-plant-80x107.jpg 80w, https:\/\/cdn3.toonboom.com\/wp-content\/uploads\/2025\/07\/09125606\/doodle-plant-186x248.jpg 186w, https:\/\/cdn3.toonboom.com\/wp-content\/uploads\/2025\/07\/09125606\/doodle-plant-206x275.jpg 206w, https:\/\/cdn3.toonboom.com\/wp-content\/uploads\/2025\/07\/09125606\/doodle-plant-238x317.jpg 238w, https:\/\/cdn3.toonboom.com\/wp-content\/uploads\/2025\/07\/09125606\/doodle-plant-275x367.jpg 275w, https:\/\/cdn3.toonboom.com\/wp-content\/uploads\/2025\/07\/09125606\/doodle-plant-428x571.jpg 428w, https:\/\/cdn3.toonboom.com\/wp-content\/uploads\/2025\/07\/09125606\/doodle-plant-550x733.jpg 550w, https:\/\/cdn3.toonboom.com\/wp-content\/uploads\/2025\/07\/09125606\/doodle-plant-580x773.jpg 580w, https:\/\/cdn3.toonboom.com\/wp-content\/uploads\/2025\/07\/09125606\/doodle-plant-780x1040.jpg 780w\" \/>\t\t\t\t\t\t\t\t\t\t\t\t\t<\/div>\n\t\t\t\t\t<\/div>\n\t\t\t\t<\/div>\n\t\t\t<\/div>\n\t\t<\/header>\n\t\n\n\t\t<section class=\"text-cta-a section-block magenta-theme subtle-theme\" data-scroll-section>\n\t\t\t<div class=\"container\">\n\t\t\t\t<div class=\"row row-main\">\n\t\t\t\t\t<div class=\"col-md-12 col-text\">\n\t\t\t\t\t\t<div class=\"text-wrapper\">\n\t\t\t\t\t\t\t\n\t\t\t\t\t\t\t\t\t\t\t\t\t\t\t<h2 class=\"title title-2\">\u00bfQuieres unirte al equipo Toon Boom?<\/h2>\t\t\t\t\t\t\t\n\t\t\t\t\t\t\t\t\t\t\t\t\t\t\t<p>\u00bfTienes talento y ganas de trabajar en un ambiente divertido y gratificante? \u00a1Toon Boom tiene un lugar para ti!<\/p>\n\t\t\t\t\t\t\t\n\t\t\t\t\t\t\t\t\t\t\t\t\t\t\t<div class=\"btns\">\n\t\t\t\t\t\t\t\t\t\t\t\t\t\t\t\t\t\t\t\t\t\t<a href=\"https:\/\/ats.rippling.com\/en-ca\/toonboom\/jobs\"\n\t\t\t\tclass=\"button button-primary\"\n\t\t\t\t target=\"_blank\" rel=\"noopener\"\t\t\t\t>\n\t\t\t\t<span class=\"button-mask\">\n\t\t\t\t\t<span class=\"mask-label\">Descubra nuestras ofertas de empleo<i class=\"material-symbols-outlined icon\" aria-hidden=\"true\">arrow_outward<\/i><\/span>\n\t\t\t\t\t\t\t\t\t\t\t<span aria-hidden=\"true\" class=\"mask-extra-label\">Descubra nuestras ofertas de empleo<i class=\"material-symbols-outlined icon\" aria-hidden=\"true\">arrow_outward<\/i><\/span>\n\t\t\t\t\t\t\t\t\t<\/span>\n\t\t\t<\/a>\n\t\t\t\t\t\t\t\t\t\t\t\t\t\t\t\t\t\t\t<\/div>\n\t\t\t\t\t\t\t\t\t\t\t\t\t<\/div>\n\t\t\t\t\t<\/div>\n\t\t\t\t<\/div>\n\t\t\t<\/div>\n\t\t<\/section>\n\t","protected":false},"excerpt":{"rendered":"","protected":false},"author":48,"featured_media":0,"parent":0,"menu_order":21,"comment_status":"closed","ping_status":"closed","template":"","meta":{"_acf_changed":false,"footnotes":""},"class_list":["post-20807","page","type-page","status-publish","hentry"],"acf":[],"_links":{"self":[{"href":"https:\/\/www.toonboom.com\/es\/wp-json\/wp\/v2\/pages\/20807","targetHints":{"allow":["GET"]}}],"collection":[{"href":"https:\/\/www.toonboom.com\/es\/wp-json\/wp\/v2\/pages"}],"about":[{"href":"https:\/\/www.toonboom.com\/es\/wp-json\/wp\/v2\/types\/page"}],"author":[{"embeddable":true,"href":"https:\/\/www.toonboom.com\/es\/wp-json\/wp\/v2\/users\/48"}],"replies":[{"embeddable":true,"href":"https:\/\/www.toonboom.com\/es\/wp-json\/wp\/v2\/comments?post=20807"}],"version-history":[{"count":1,"href":"https:\/\/www.toonboom.com\/es\/wp-json\/wp\/v2\/pages\/20807\/revisions"}],"predecessor-version":[{"id":20808,"href":"https:\/\/www.toonboom.com\/es\/wp-json\/wp\/v2\/pages\/20807\/revisions\/20808"}],"wp:attachment":[{"href":"https:\/\/www.toonboom.com\/es\/wp-json\/wp\/v2\/media?parent=20807"}],"curies":[{"name":"wp","href":"https:\/\/api.w.org\/{rel}","templated":true}]}}