{"id":20809,"date":"2025-05-30T16:26:31","date_gmt":"2025-05-30T20:26:31","guid":{"rendered":"https:\/\/www.toonboom.com\/?page_id=20809"},"modified":"2025-07-22T15:46:49","modified_gmt":"2025-07-22T19:46:49","slug":"embajadores","status":"publish","type":"page","link":"https:\/\/www.toonboom.com\/es\/embajadores","title":{"rendered":"Embajadores"},"content":{"rendered":"\t\t<header class=\"header-secondary-b section-block yellow-accent\" data-scroll-section>\n\t\t\t<div class=\"container\">\n\t\t\t\t<div class=\"row row-main\">\n\t\t\t\t\t<div class=\"col-md-6 col-content\">\n\t\t\t\t\t\t<div class=\"header\">\n\t\t\t\t\t\t\t\t\t\t\t\t\t\t\t<h1 class=\"upper-title-1\">Programa de embajadores<\/h1>\t\t\t\t\t\t\t\n\t\t\t\t\t\t\t\t\t\t\t\t\t\t\t<h2 class=\"title title-1\">APASIONADOS DE LA ANIMACI\u00d3N<\/h2>\t\t\t\t\t\t\t\t\t\t\t\n\t\t\t\t\t\t\t\t\t\t\t\t\t\t\t\t\t\t\t\t\t\t\t\t<div class=\"text\">\n\t\t\t\t\t\t\t\t\t\t<p>Cada a\u00f1o, seleccionamos a 50 embajadores que impulsan el arte de la animaci\u00f3n con Toon Boom Harmony o Storyboard Pro. Este programa est\u00e1 dirigido a artistas que hacen un uso excepcional de nuestro software, ya sean animadores profesionales, aut\u00f3nomos, educadores o aficionados. Puedes obtener m\u00e1s informaci\u00f3n sobre los embajadores de este a\u00f1o a continuaci\u00f3n.<\/p>\n\t\t\t\t\t\t\t\t\t<\/div>\n\t\t\t\t\t\t\t\t\n\t\t\t\t\t\t\t\t\t\t\t\t\t\t\t\t\t\t\t\t\t<\/div>\n\t\t\t\t\t<\/div>\n\t\t\t\t\t<div class=\"col-xl-4 col-md-5 offset-xl-2 offset-md-1 col-image\">\n\t\t\t\t\t\t<div class=\"image-wrapper\">\n\t\t\t\t\t\t\t\t\t\t\t\t\t\t\t\t\t\t\t\t\t\t<img fetchpriority=\"high\" decoding=\"async\" width=\"864\" height=\"1152\" src=\"https:\/\/cdn3.toonboom.com\/wp-content\/uploads\/2025\/07\/09125606\/doodle-plant.jpg\" class=\"image\" alt=\"\" sizes=\"auto\" loading=\"eager\" srcset=\"https:\/\/cdn3.toonboom.com\/wp-content\/uploads\/2025\/07\/09125606\/doodle-plant.jpg 864w, https:\/\/cdn3.toonboom.com\/wp-content\/uploads\/2025\/07\/09125606\/doodle-plant-225x300.jpg 225w, https:\/\/cdn3.toonboom.com\/wp-content\/uploads\/2025\/07\/09125606\/doodle-plant-768x1024.jpg 768w, https:\/\/cdn3.toonboom.com\/wp-content\/uploads\/2025\/07\/09125606\/doodle-plant-96x128.jpg 96w, https:\/\/cdn3.toonboom.com\/wp-content\/uploads\/2025\/07\/09125606\/doodle-plant-80x107.jpg 80w, https:\/\/cdn3.toonboom.com\/wp-content\/uploads\/2025\/07\/09125606\/doodle-plant-186x248.jpg 186w, https:\/\/cdn3.toonboom.com\/wp-content\/uploads\/2025\/07\/09125606\/doodle-plant-206x275.jpg 206w, https:\/\/cdn3.toonboom.com\/wp-content\/uploads\/2025\/07\/09125606\/doodle-plant-238x317.jpg 238w, https:\/\/cdn3.toonboom.com\/wp-content\/uploads\/2025\/07\/09125606\/doodle-plant-275x367.jpg 275w, https:\/\/cdn3.toonboom.com\/wp-content\/uploads\/2025\/07\/09125606\/doodle-plant-428x571.jpg 428w, https:\/\/cdn3.toonboom.com\/wp-content\/uploads\/2025\/07\/09125606\/doodle-plant-550x733.jpg 550w, https:\/\/cdn3.toonboom.com\/wp-content\/uploads\/2025\/07\/09125606\/doodle-plant-580x773.jpg 580w, https:\/\/cdn3.toonboom.com\/wp-content\/uploads\/2025\/07\/09125606\/doodle-plant-780x1040.jpg 780w\" \/>\t\t\t\t\t\t\t\t\t\t\t\t\t<\/div>\n\t\t\t\t\t<\/div>\n\t\t\t\t<\/div>\n\t\t\t<\/div>\n\t\t<\/header>\n\t\n\n\t\t\t\t<section class=\"ambassador-listing section-block yellow-accent\" ambassador-listing data-scroll-section data-ambassador-listing>\n\t\t\t<div class=\"container-fluid\">\n\t\t\t\t<div class=\"row\">\n\t\t\t\t\t<div class=\"col-md-4\">\n\t\t\t\t\t\t<form action=\"\" class=\"form year-filters with-placeholder-animation\" data-form data-filter-form>\n\t\t\t\t\t\t\t\t<div class=\"form-select-group\">\n\t\t\t\t\t<label class=\"form-label \" for=\"year_filter\">Elegir un a\u00f1o<\/label>\n\t\t\t\t<div class=\"form-custom-select\">\n\t\t\t<select name=\"year_filter\" class=\"form-control form-control-select\" id=\"year_filter\"  data-year-select>\n\t\t\t\t\t\t\t\t\t\t\t\t\t\t\t\t\t\t\t\t\t\t\t<option value=\"2025\" class=\"select-option\" selected >2025<\/option>\n\t\t\t\t\t\t\t\t\t\t\t\t<\/select>\n\t\t<\/div>\n\t<\/div>\n\t\t\t\t\t\t<\/form>\n\t\t\t\t\t<\/div>\n\t\t\t\t<\/div>\n\t\t\t\t<div class=\"row row-cards\">\n\t\t\t\t\t\t\t\t\t\t\t<div class=\"col-12\">\n\t\t\t\t\t\t\t<span>Ning\u00fan resultado<\/span>\n\t\t\t\t\t\t<\/div>\n\t\t\t\t\t\t\t\t\t\t<div class=\"form-spinner-overlay\" data-form-spinner-overlay><\/div>\n\t\t\t\t<\/div>\n\t\t\t<\/div>\n\t\t<\/section>\n\t","protected":false},"excerpt":{"rendered":"","protected":false},"author":48,"featured_media":0,"parent":0,"menu_order":24,"comment_status":"closed","ping_status":"closed","template":"","meta":{"_acf_changed":false,"footnotes":""},"class_list":["post-20809","page","type-page","status-publish","hentry"],"acf":[],"_links":{"self":[{"href":"https:\/\/www.toonboom.com\/es\/wp-json\/wp\/v2\/pages\/20809","targetHints":{"allow":["GET"]}}],"collection":[{"href":"https:\/\/www.toonboom.com\/es\/wp-json\/wp\/v2\/pages"}],"about":[{"href":"https:\/\/www.toonboom.com\/es\/wp-json\/wp\/v2\/types\/page"}],"author":[{"embeddable":true,"href":"https:\/\/www.toonboom.com\/es\/wp-json\/wp\/v2\/users\/48"}],"replies":[{"embeddable":true,"href":"https:\/\/www.toonboom.com\/es\/wp-json\/wp\/v2\/comments?post=20809"}],"version-history":[{"count":1,"href":"https:\/\/www.toonboom.com\/es\/wp-json\/wp\/v2\/pages\/20809\/revisions"}],"predecessor-version":[{"id":20810,"href":"https:\/\/www.toonboom.com\/es\/wp-json\/wp\/v2\/pages\/20809\/revisions\/20810"}],"wp:attachment":[{"href":"https:\/\/www.toonboom.com\/es\/wp-json\/wp\/v2\/media?parent=20809"}],"curies":[{"name":"wp","href":"https:\/\/api.w.org\/{rel}","templated":true}]}}