{"id":9950,"date":"2025-04-23T20:39:27","date_gmt":"2025-04-24T00:39:27","guid":{"rendered":"https:\/\/www.toonboom.com\/?page_id=9950"},"modified":"2025-07-03T13:48:18","modified_gmt":"2025-07-03T17:48:18","slug":"aprendizaje","status":"publish","type":"page","link":"https:\/\/www.toonboom.com\/es\/aprendizaje","title":{"rendered":"Aprendizaje"},"content":{"rendered":"\t\t<header class=\"header-secondary-a section-block green-accent\" data-scroll-section>\n\t\t\t<div class=\"container\">\n\t\t\t\t<div class=\"row row-main\">\n\t\t\t\t\t<div class=\"col-xl-4 col-md-5 col-image\">\n\t\t\t\t\t\t<div class=\"image-wrapper\">\n\t\t\t\t\t\t\t\t\t\t\t\t\t\t\t\t\t\t\t\t\t\t<img fetchpriority=\"high\" decoding=\"async\" width=\"864\" height=\"1152\" src=\"https:\/\/cdn3.toonboom.com\/wp-content\/uploads\/2025\/05\/26144709\/HV1.jpg\" class=\"image\" alt=\"\" sizes=\"auto\" loading=\"eager\" srcset=\"https:\/\/cdn3.toonboom.com\/wp-content\/uploads\/2025\/05\/26144709\/HV1.jpg 864w, https:\/\/cdn3.toonboom.com\/wp-content\/uploads\/2025\/05\/26144709\/HV1-225x300.jpg 225w, https:\/\/cdn3.toonboom.com\/wp-content\/uploads\/2025\/05\/26144709\/HV1-768x1024.jpg 768w, https:\/\/cdn3.toonboom.com\/wp-content\/uploads\/2025\/05\/26144709\/HV1-96x128.jpg 96w, https:\/\/cdn3.toonboom.com\/wp-content\/uploads\/2025\/05\/26144709\/HV1-80x107.jpg 80w, https:\/\/cdn3.toonboom.com\/wp-content\/uploads\/2025\/05\/26144709\/HV1-186x248.jpg 186w, https:\/\/cdn3.toonboom.com\/wp-content\/uploads\/2025\/05\/26144709\/HV1-206x275.jpg 206w, https:\/\/cdn3.toonboom.com\/wp-content\/uploads\/2025\/05\/26144709\/HV1-238x317.jpg 238w, https:\/\/cdn3.toonboom.com\/wp-content\/uploads\/2025\/05\/26144709\/HV1-275x367.jpg 275w, https:\/\/cdn3.toonboom.com\/wp-content\/uploads\/2025\/05\/26144709\/HV1-428x571.jpg 428w, https:\/\/cdn3.toonboom.com\/wp-content\/uploads\/2025\/05\/26144709\/HV1-550x733.jpg 550w, https:\/\/cdn3.toonboom.com\/wp-content\/uploads\/2025\/05\/26144709\/HV1-580x773.jpg 580w, https:\/\/cdn3.toonboom.com\/wp-content\/uploads\/2025\/05\/26144709\/HV1-780x1040.jpg 780w\" \/>\t\t\t\t\t\t\t\t\t\t\t\t\t<\/div>\n\t\t\t\t\t<\/div>\n\t\t\t\t\n\t\t\t\t\t<div class=\"col-md-12 col-content\">\n\t\t\t\t\t\t<div class=\"header\">\n\t\t\t\t\t\t\t\t\t\t\t\t\t\t\t<h1 class=\"upper-title-1\">Aprendizaje<\/h1>\t\t\t\t\t\t\t\t\t\t\t\t\t\t\t\t\t\t\t\t\t\t<h2 class=\"title title-1\">Mejora tus habilidades<\/h2>\t\t\t\t\t\t\t\t\t\t\t\t\t<\/div>\n\n\t\t\t\t\t\t<div class=\"content\">\n\t\t\t\t\t\t\t\t\t\t\t\t\t\t\t\t\t\t\t\t\t\t\t\t<div class=\"text\">\n\t\t\t\t\t\t\t\t\t\t<p>Explora los recursos de capacitaci\u00f3n de Toon Boom para impulsar tu creatividad. Ofrecemos diversas opciones de capacitaci\u00f3n, desde tutoriales a tu propio ritmo hasta clases impartidas por expertos, dise\u00f1adas para brindarte las habilidades y los conocimientos necesarios para alcanzar el \u00e9xito. Tanto si est\u00e1s empezando como si buscas ampliar tus conocimientos, Toon Boom Learning te proporciona los recursos necesarios para que prosperes.<\/p>\n\t\t\t\t\t\t\t\t\t<\/div>\n\t\t\t\t\t\t\t\t\n\t\t\t\t\t\t\t\t\t\t\t\t\t\t\t\t\t\t\t\t\t<\/div>\n\t\t\t\t\t<\/div>\n\t\t\t\t<\/div>\n\t\t\t<\/div>\n\t\t<\/header>\n\t\n\n\t\t<section class=\"media-text-image-a section-block green-accent\" data-scroll-section>\n\t\t\t<div class=\"container\">\n\t\t\t\t<div class=\"row row-main\">\n\t\t\t\t\t<div class=\"col-md-6 col-content\">\n\t\t\t\t\t\t\t\t\t\t\t\t\t<span class=\"upper-title-1\">Portal de aprendizaje<\/span>\n\t\t\t\t\t\t\n\t\t\t\t\t\t<h2 class=\"title-2\">Elige la ruta de aprendizaje en l\u00ednea que m\u00e1s te convenga<\/h2>\n\t\t\t\t\t\t\t\t\t\t\t\t\t<p>\u00a1Aprende Storyboard Pro y Harmony gratis! Aprende a tu propio ritmo, pon a prueba tus habilidades y gana insignias a medida que avanzas.<\/p>\n\t\t\t\t\t\t\n\t\t\t\t\t\t\t\t\t\t\t\t\t<div class=\"btns\">\n\t\t\t\t\t\t\t\t\t\t\t\t\t\t\t\t\t\t\t\t<a href=\"https:\/\/learn.toonboom.com\/\"\n\t\t\t\tclass=\"button button-primary\"\n\t\t\t\t target=\"_blank\" rel=\"noopener\"\t\t\t\t>\n\t\t\t\t<span class=\"button-mask\">\n\t\t\t\t\t<span class=\"mask-label\">M\u00e1s informaci\u00f3n<i class=\"material-symbols-outlined icon\" aria-hidden=\"true\">arrow_outward<\/i><\/span>\n\t\t\t\t\t\t\t\t\t\t\t<span aria-hidden=\"true\" class=\"mask-extra-label\">M\u00e1s informaci\u00f3n<i class=\"material-symbols-outlined icon\" aria-hidden=\"true\">arrow_outward<\/i><\/span>\n\t\t\t\t\t\t\t\t\t<\/span>\n\t\t\t<\/a>\n\t\t\t\t\t\t\t\t\t\t\t\t\t\t\t\t\t<\/div>\n\t\t\t\t\t\t\t\t\t\t\t<\/div>\n\t\t\t\t\t\t\t\t\t\t\t<div class=\"col-md-6 col-player \">\n\t\t\t\t\t\t\t\n\t<div class=\"media-wrapper\" >\n\t\t\t\t\t\t\t\t\t\t\t\t<img decoding=\"async\" width=\"1320\" height=\"990\" src=\"https:\/\/cdn3.toonboom.com\/wp-content\/uploads\/2025\/05\/26152207\/1.jpg\" class=\"static-image\" alt=\"\" loading=\"lazy\" srcset=\"https:\/\/cdn3.toonboom.com\/wp-content\/uploads\/2025\/05\/26152207\/1.jpg 1320w, https:\/\/cdn3.toonboom.com\/wp-content\/uploads\/2025\/05\/26152207\/1-300x225.jpg 300w, https:\/\/cdn3.toonboom.com\/wp-content\/uploads\/2025\/05\/26152207\/1-1024x768.jpg 1024w, https:\/\/cdn3.toonboom.com\/wp-content\/uploads\/2025\/05\/26152207\/1-768x576.jpg 768w, https:\/\/cdn3.toonboom.com\/wp-content\/uploads\/2025\/05\/26152207\/1-96x72.jpg 96w, https:\/\/cdn3.toonboom.com\/wp-content\/uploads\/2025\/05\/26152207\/1-80x60.jpg 80w, https:\/\/cdn3.toonboom.com\/wp-content\/uploads\/2025\/05\/26152207\/1-186x140.jpg 186w, https:\/\/cdn3.toonboom.com\/wp-content\/uploads\/2025\/05\/26152207\/1-206x155.jpg 206w, https:\/\/cdn3.toonboom.com\/wp-content\/uploads\/2025\/05\/26152207\/1-238x179.jpg 238w, https:\/\/cdn3.toonboom.com\/wp-content\/uploads\/2025\/05\/26152207\/1-275x206.jpg 275w, https:\/\/cdn3.toonboom.com\/wp-content\/uploads\/2025\/05\/26152207\/1-428x321.jpg 428w, https:\/\/cdn3.toonboom.com\/wp-content\/uploads\/2025\/05\/26152207\/1-550x413.jpg 550w, https:\/\/cdn3.toonboom.com\/wp-content\/uploads\/2025\/05\/26152207\/1-580x435.jpg 580w, https:\/\/cdn3.toonboom.com\/wp-content\/uploads\/2025\/05\/26152207\/1-780x585.jpg 780w, https:\/\/cdn3.toonboom.com\/wp-content\/uploads\/2025\/05\/26152207\/1-885x664.jpg 885w, https:\/\/cdn3.toonboom.com\/wp-content\/uploads\/2025\/05\/26152207\/1-900x675.jpg 900w, https:\/\/cdn3.toonboom.com\/wp-content\/uploads\/2025\/05\/26152207\/1-960x720.jpg 960w, https:\/\/cdn3.toonboom.com\/wp-content\/uploads\/2025\/05\/26152207\/1-1160x870.jpg 1160w, https:\/\/cdn3.toonboom.com\/wp-content\/uploads\/2025\/05\/26152207\/1-1280x960.jpg 1280w\" sizes=\"auto, (max-width: 1320px) 100vw, 1320px\" \/>\t\t\t\t\t\t\t\t\n\t\t\t<\/div>\n\t\t\t\t\t\t\t<\/div>\n\t\t\t\t\t\t\t\t\t<\/div>\n\t\t\t<\/div>\n\t\t<\/section>\n\t\n\n\t\t<section class=\"text-cta-a section-block teal-theme subtle-theme\" data-scroll-section>\n\t\t\t<div class=\"container\">\n\t\t\t\t<div class=\"row row-main\">\n\t\t\t\t\t<div class=\"col-md-12 col-text\">\n\t\t\t\t\t\t<div class=\"text-wrapper\">\n\t\t\t\t\t\t\t\t\t\t\t\t\t\t\t<span class=\"upper-title-1\">Capacitaci\u00f3n en l\u00ednea dirigida por un instructor<\/span>\n\t\t\t\t\t\t\t\n\t\t\t\t\t\t\t\t\t\t\t\t\t\t\t<h2 class=\"title title-2\">El crecimiento creativo comienza aqu\u00ed<\/h2>\t\t\t\t\t\t\t\n\t\t\t\t\t\t\t\t\t\t\t\t\t\t\t<p>Dise\u00f1ados y dictados por expertos de Toon Boom, nuestros exclusivos cursos de capacitaci\u00f3n en l\u00ednea le permiten enfocar su creatividad mejorando sus habilidades en el campo elegido mientras aprende sobre las mejores pr\u00e1cticas de la industria.<\/p>\n\t\t\t\t\t\t\t\n\t\t\t\t\t\t\t\t\t\t\t\t\t\t\t<div class=\"btns\">\n\t\t\t\t\t\t\t\t\t\t\t\t\t\t\t\t\t\t\t\t\t\t<a href=\"https:\/\/www.toonboom.com\/es\/cursos-en-linea-con-instructor\"\n\t\t\t\tclass=\"button button-primary\"\n\t\t\t\t\t\t\t\t>\n\t\t\t\t<span class=\"button-mask\">\n\t\t\t\t\t<span class=\"mask-label\">Empieza a aprender<\/span>\n\t\t\t\t\t\t\t\t\t\t\t<span aria-hidden=\"true\" class=\"mask-extra-label\">Empieza a aprender<\/span>\n\t\t\t\t\t\t\t\t\t<\/span>\n\t\t\t<\/a>\n\t\t\t\t\t\t\t\t\t\t\t\t\t\t\t\t\t\t\t<\/div>\n\t\t\t\t\t\t\t\t\t\t\t\t\t<\/div>\n\t\t\t\t\t<\/div>\n\t\t\t\t<\/div>\n\t\t\t<\/div>\n\t\t<\/section>\n\t","protected":false},"excerpt":{"rendered":"","protected":false},"author":4,"featured_media":0,"parent":0,"menu_order":43,"comment_status":"closed","ping_status":"closed","template":"","meta":{"_acf_changed":false,"footnotes":""},"class_list":["post-9950","page","type-page","status-publish","hentry"],"acf":[],"_links":{"self":[{"href":"https:\/\/www.toonboom.com\/es\/wp-json\/wp\/v2\/pages\/9950","targetHints":{"allow":["GET"]}}],"collection":[{"href":"https:\/\/www.toonboom.com\/es\/wp-json\/wp\/v2\/pages"}],"about":[{"href":"https:\/\/www.toonboom.com\/es\/wp-json\/wp\/v2\/types\/page"}],"author":[{"embeddable":true,"href":"https:\/\/www.toonboom.com\/es\/wp-json\/wp\/v2\/users\/4"}],"replies":[{"embeddable":true,"href":"https:\/\/www.toonboom.com\/es\/wp-json\/wp\/v2\/comments?post=9950"}],"version-history":[{"count":3,"href":"https:\/\/www.toonboom.com\/es\/wp-json\/wp\/v2\/pages\/9950\/revisions"}],"predecessor-version":[{"id":19743,"href":"https:\/\/www.toonboom.com\/es\/wp-json\/wp\/v2\/pages\/9950\/revisions\/19743"}],"wp:attachment":[{"href":"https:\/\/www.toonboom.com\/es\/wp-json\/wp\/v2\/media?parent=9950"}],"curies":[{"name":"wp","href":"https:\/\/api.w.org\/{rel}","templated":true}]}}