{"id":9996,"date":"2025-04-16T12:25:13","date_gmt":"2025-04-16T16:25:13","guid":{"rendered":"https:\/\/www.toonboom.com\/?page_id=9996"},"modified":"2025-07-03T16:03:48","modified_gmt":"2025-07-03T20:03:48","slug":"politica-de-privacidad","status":"publish","type":"page","link":"https:\/\/www.toonboom.com\/es\/politica-de-privacidad","title":{"rendered":"Pol\u00edtica de privacidad"},"content":{"rendered":"\t\t<div class=\"header-title-b section-block yellow-accent\" data-scroll-section>\n\t\t\t<div class=\"container container-main\">\n\t\t\t\t<div class=\"row row-main\">\n\t\t\t\t\t<div class=\"col-md-6 offset-md-3 col-content\">\n\t\t\t\t\t\t\n\t\t\t\t\t\t\t\t\t\t\t\t\t<h1 class=\"title title-1\">Pol\u00edtica de privacidad<\/h1>\t\t\t\t\t\t\n\t\t\t\t\t\t\t\t\t\t\t\t\t<div class=\"text\">\n\t\t\t\t\t\t\t\t<p>Actualizado en mayo de 2024<\/p>\n\t\t\t\t\t\t\t<\/div>\n\t\t\t\t\t\t\n\t\t\t\t\t\t\t\t\t\t\t<\/div>\n\t\t\t\t<\/div>\n\t\t\t<\/div>\n\t\t<\/div>\n\t\n\n\t\t<section class=\"text-body-a section-block yellow-accent \" data-scroll-section>\n\t\t\t<div class=\"container\">\n\t\t\t\t<div class=\"row\">\n\t\t\t\t\t<div class=\"col-md-8 offset-md-2\">\n\t\t\t\t\t\t\n\t\t\t\t\t\t\n\t\t\t\t\t\t\t\t\t\t\t\t\t<h2 class=\"title-4\"><span style=\"font-weight: 400;\">1. <strong>Resumen<\/strong><\/span><\/h2>\n<p><span style=\"font-weight: 400;\">En TOON BOOM ANIMATION Inc. (\u201c<strong>TOON BOOM<\/strong>\u201d, \u201c<strong>nosotros<\/strong>\u201d o \u201c<strong>nos\/nuestro(s)<\/strong>\u201d), proteger su privacidad es nuestra m\u00e1xima prioridad. Nuestro objetivo es tratar la Informaci\u00f3n Personal que nos proporciona con el m\u00e1ximo respeto, de acuerdo con los requisitos legales y los t\u00e9rminos de esta Pol\u00edtica de Privacidad.<\/span><\/p>\n<p><span style=\"font-weight: 400;\">Al acceder a nuestro sitio web &lt;<a href=\"https:\/\/www.toonboom.com\/es\">https:\/\/www.toonboom.com\/es<\/a>&gt; o a cualquier otro sitio web operado por TOON BOOM (en conjunto, los \u201c<strong>Sitios<\/strong>\u201d) o al utilizar nuestros productos o servicios (en conjunto, los \u201c<strong>Servicios<\/strong>\u201d), usted acepta los t\u00e9rminos de esta Pol\u00edtica de Privacidad (la \u201c<strong>Pol\u00edtica de Privacidad<\/strong>\u201d) en su propio nombre y en nombre de cada entidad en cuyo nombre act\u00fae.<\/span><\/p>\n<p><span style=\"font-weight: 400;\">Esta Pol\u00edtica de Privacidad puede complementarse con t\u00e9rminos de privacidad adicionales en nuestros Sitios relacionados con:<\/span><\/p>\n<ol>\n<li><span style=\"font-weight: 400;\">una oferta de productos o servicios; o<\/span><\/li>\n<li><span style=\"font-weight: 400;\">una solicitud para proporcionar su Informaci\u00f3n Personal.<\/span><\/li>\n<\/ol>\n<p><span style=\"font-weight: 400;\">En caso de cualquier inconsistencia con esta Pol\u00edtica de Privacidad, prevalecer\u00e1n estas disposiciones m\u00e1s espec\u00edficas. Le recomendamos leer estos t\u00e9rminos de privacidad adicionales junto con esta Pol\u00edtica de Privacidad.<\/span><\/p>\n<p><span style=\"font-weight: 400;\">Si tiene alguna pregunta o inquietud sobre nuestra Pol\u00edtica de Privacidad, o sobre la recopilaci\u00f3n, el uso o la divulgaci\u00f3n de su Informaci\u00f3n Personal, comun\u00edquese con Mathieu Lavigne, Director de TI, a: <a href=\"privacy@toonboom.com\">privacy@toonboom.com<\/a>.<\/span><\/p>\n<h2 class=\"title-4\"><strong>2.\u00bfQu\u00e9 informaci\u00f3n recopilamos y con qu\u00e9 prop\u00f3sito?<\/strong><\/h2>\n<h3 class=\"title-5\"><strong>2.1 Recopilaci\u00f3n y uso de Informaci\u00f3n Personal en relaci\u00f3n con los Servicios<\/strong><\/h3>\n<p><span style=\"font-weight: 400;\">Recopilamos Informaci\u00f3n Personal sobre usted cuando:<\/span><\/p>\n<ul>\n<li><span style=\"font-weight: 400;\">Crea una cuenta en nuestros Sitios o se registra y utiliza nuestros Servicios;<\/span><\/li>\n<li><span style=\"font-weight: 400;\">Se registra para recibir boletines informativos u otras comunicaciones en los Sitios o de nosotros;<\/span><\/li>\n<li><span style=\"font-weight: 400;\">Se registra en concursos organizados por TOON BOOM;<\/span><\/li>\n<li><span style=\"font-weight: 400;\">Realiza una compra a trav\u00e9s de los Sitios;<\/span><\/li>\n<li><span style=\"font-weight: 400;\">Participa en nuestras encuestas o estudios;<\/span><\/li>\n<li><span style=\"font-weight: 400;\">Env\u00eda una solicitud a TOON BOOM; o<\/span><\/li>\n<li><span style=\"font-weight: 400;\">Se comunica con TOON BOOM de otra manera.<\/span><\/li>\n<\/ul>\n<p><span style=\"font-weight: 400;\">Recopilamos Informaci\u00f3n Personal directamente de usted. Tambi\u00e9n podemos, en determinadas circunstancias, recopilar su Informaci\u00f3n Personal de terceros. Por ejemplo, recopilamos los nombres y direcciones de correo electr\u00f3nico de ciertos estudiantes de escuelas para distribuir nuestros cursos.<\/span><\/p>\n<p><span style=\"font-weight: 400;\">Recopilamos y utilizamos informaci\u00f3n personal para brindarle los Servicios, operar nuestros Sitios, gestionar nuestro negocio (por ejemplo, recibir solicitudes de empleo) y brindar atenci\u00f3n al cliente (por ejemplo, gestionar consultas y quejas). En estos contextos, podemos recopilar, entre otros datos:<\/span><\/p>\n<ul>\n<li><span style=\"font-weight: 400;\">su nombre;<\/span><\/li>\n<li><span style=\"font-weight: 400;\">sus ID y contrase\u00f1as;<\/span><\/li>\n<li><span style=\"font-weight: 400;\">su direcci\u00f3n postal;<\/span><\/li>\n<li><span style=\"font-weight: 400;\">su c\u00f3digo postal;<\/span><\/li>\n<li><span style=\"font-weight: 400;\">su direcci\u00f3n de correo electr\u00f3nico;<\/span><\/li>\n<li><span style=\"font-weight: 400;\">su n\u00famero de tel\u00e9fono;<\/span><\/li>\n<li><span style=\"font-weight: 400;\">en el caso de un profesional, su ocupaci\u00f3n, su empleador y el sector en el que trabaja;<\/span><\/li>\n<li><span style=\"font-weight: 400;\">en el caso de estudiantes, el nombre de su escuela y, en algunos casos, una copia de su tarjeta de estudiante.<\/span><\/li>\n<\/ul>\n<p><span style=\"font-weight: 400;\">Al procesar una orden de compra, tambi\u00e9n podr\u00edamos necesitar obtener informaci\u00f3n de verificaci\u00f3n de pago (por ejemplo, los \u00faltimos cuatro d\u00edgitos y la fecha de vencimiento de su tarjeta de cr\u00e9dito) y recopilar informaci\u00f3n adicional de terceros (incluida informaci\u00f3n crediticia) para determinar si cumple los requisitos para completar su pedido. Tambi\u00e9n deber\u00e1 proporcionar la informaci\u00f3n de pago completa a nuestro procesador de pagos externo para completar una compra en l\u00ednea. No recibimos su informaci\u00f3n de pago para compras en l\u00ednea, salvo los datos de verificaci\u00f3n limitados descritos anteriormente.<\/span><\/p>\n<h3 class=\"title-5\"><strong>2.2 Cookies y tecnolog\u00eda de seguimiento similar<\/strong><\/h3>\n<p><span style=\"font-weight: 400;\">Tanto nosotros como algunos terceros podemos utilizar cookies y tecnolog\u00eda similar para rastrear la actividad de navegaci\u00f3n de su dispositivo en nuestros Sitios. En este contexto, un \"dispositivo\" se refiere a una computadora, tel\u00e9fono, tableta o dispositivo similar que utiliza para acceder a Internet.<\/span><\/p>\n<p><span style=\"font-weight: 400;\">Las cookies son peque\u00f1os archivos de datos que nosotros o terceros podemos colocar en su dispositivo cuando visita nuestros Sitios para indicar que los ha visitado. Las cookies y tecnolog\u00eda de seguimiento similar, como p\u00edxeles o balizas web (que tambi\u00e9n utilizan tecnolog\u00eda de cookies), pueden utilizarse para mejorar y personalizar su experiencia de navegaci\u00f3n en nuestros Sitios. Por ejemplo, nos permiten a nosotros y a terceros rastrear la actividad de navegaci\u00f3n de su dispositivo en los Sitios a lo largo de varias sesiones, incluyendo los sitios web a los que accede su dispositivo inmediatamente antes y despu\u00e9s de visitar nuestros Sitios, el tiempo promedio de permanencia en nuestros Sitios, las p\u00e1ginas visitadas y otras estad\u00edsticas sobre el uso de nuestros Sitios. Mediante esta tecnolog\u00eda, los Sitios pueden recordar las preferencias asociadas a su dispositivo (por ejemplo, la configuraci\u00f3n de idioma) y facilitar su acceso y uso de los Sitios (por ejemplo, mantener su sesi\u00f3n activa en nuestros Sitios). Tambi\u00e9n podemos utilizar la informaci\u00f3n recopilada mediante esta tecnolog\u00eda para supervisar el rendimiento de los Sitios, con fines de administraci\u00f3n de sistemas y para informar a nuestros consultores y a otros terceros sobre los patrones de navegaci\u00f3n de los visitantes de forma agregada (un formato que no permite identificar a ninguna persona espec\u00edfica y, por lo tanto, no se considera informaci\u00f3n personal).<\/span><\/p>\n<p><span style=\"font-weight: 400;\">Las cookies y tecnolog\u00edas de seguimiento similares tambi\u00e9n pueden utilizarse para proponer anuncios en nuestros Sitios y en sitios de terceros que se ajusten mejor a sus intereses y preferencias, bas\u00e1ndose en el registro de la actividad de navegaci\u00f3n de su dispositivo. Queremos que pueda tomar decisiones claras e informadas sobre el uso de cookies en los Sitios. Para obtener m\u00e1s informaci\u00f3n sobre las cookies y sus opciones para aceptar, rechazar o limitar su uso en los Sitios, consulte nuestra Pol\u00edtica de Cookies.<\/span><\/p>\n<h3 class=\"title-5\"><strong>2.3 Otra recopilaci\u00f3n de informaci\u00f3n t\u00e9cnica<\/strong><\/h3>\n<p><span style=\"font-weight: 400;\">El servidor de nuestros Sitios, ubicado en Canad\u00e1, registra autom\u00e1ticamente la direcci\u00f3n temporal o permanente del dispositivo que utiliza para acceder a nuestros Sitios (\u00ab<strong>direcci\u00f3n IP<\/strong>\u00bb), as\u00ed como otra informaci\u00f3n sobre su visita, como las p\u00e1ginas visitadas, el tipo de navegador utilizado, la informaci\u00f3n solicitada, la fecha y hora de la solicitud, la fuente de su acceso a nuestro Sitio (por ejemplo, el sitio web o la URL [enlace] que lo llev\u00f3 a nuestro Sitio), la versi\u00f3n de su navegador y su sistema operativo. Utilizamos esta informaci\u00f3n, que no identifica a los usuarios individuales, con fines de seguridad inform\u00e1tica, an\u00e1lisis de tendencias, administraci\u00f3n y para mejorar el funcionamiento de nuestros Sitios.<\/span><\/p>\n<p><span style=\"font-weight: 400;\">Si el software detecta el uso de licencias fraudulentas, podr\u00e1 notificar a TOON BOOM enviando el nombre y el n\u00famero de serie del ordenador, la versi\u00f3n, la direcci\u00f3n IP, los nombres de usuario, el correo electr\u00f3nico y el nombre de usuario. Por la presente, usted consiente dicha comunicaci\u00f3n en tal caso.<\/span><\/p>\n<h3 class=\"title-5\"><strong>2.4 Menores de edad<\/strong><\/h3>\n<p><span style=\"font-weight: 400;\">Nuestro sitio web transaccional &lt;<a href=\"https:\/\/www.toonboom.com\/es\">https:\/\/www.toonboom.com\/es<\/a>&gt; est\u00e1 dirigido a visitantes adultos, es decir, a aquellos que han alcanzado la mayor\u00eda de edad en la jurisdicci\u00f3n desde la que acceden a este sitio. Ninguna parte de este sitio est\u00e1 dirigida a personas menores de edad en la jurisdicci\u00f3n desde la que acceden al sitio (\"Menores de edad\"). Adem\u00e1s, los menores no deben visitar nuestro sitio sin la supervisi\u00f3n de un padre o tutor legal.<\/span><\/p>\n<h2 class=\"title-4\"><strong>3.Compartir su informaci\u00f3n con terceros<\/strong><\/h2>\n<h3 class=\"title-5\"><strong>3.1. Divulgaci\u00f3n de su informaci\u00f3n personal a proveedores de servicios y socios comerciales<\/strong><\/h3>\n<p><span style=\"font-weight: 400;\">Utilizamos diversos terceros para que nos proporcionen los servicios necesarios para el funcionamiento de nuestro negocio, incluyendo proveedores de correo electr\u00f3nico y alojamiento, soluciones y software inform\u00e1ticos, soporte inform\u00e1tico, servicios de contabilidad y procesadores de pagos. Exigimos a nuestros proveedores de servicios que utilicen y, cuando sea necesario, divulguen la informaci\u00f3n personal \u00fanicamente de acuerdo con los fines para los que se recopil\u00f3. Adem\u00e1s, celebramos acuerdos contractuales para garantizar que nuestros proveedores cuenten con medidas de seguridad al menos equivalentes a las nuestras. <\/span><\/p>\n<p><span style=\"font-weight: 400;\">Si desea m\u00e1s informaci\u00f3n sobre la identidad de nuestros proveedores de servicios, cont\u00e1ctenos en <a href=\"privacy@toonboom.com\">privacy@toonboom.com<\/a>. Le proporcionaremos esta informaci\u00f3n si su solicitud es leg\u00edtima (por ejemplo, si hemos compartido su informaci\u00f3n con dichos proveedores).<\/span><\/p>\n<p><span style=\"font-weight: 400;\">Tambi\u00e9n podemos proporcionar informaci\u00f3n a socios comerciales que nos asisten en nuestros procesos de venta (agentes y revendedores) para completar las transacciones.<\/span><\/p>\n<h3 class=\"title-5\"><strong>3.2 Divulgaci\u00f3n de datos agregados a terceros<\/strong><\/h3>\n<p><span style=\"font-weight: 400;\">Podemos recopilar estad\u00edsticas sobre nuestros clientes, ventas, tendencias de tr\u00e1fico web y nuestros Servicios. Estos datos agregados no se consideran Informaci\u00f3n Personal, ya que no proporcionan informaci\u00f3n sobre una persona identificable. Podemos divulgar estas estad\u00edsticas a terceros para diversos fines, como la gesti\u00f3n de los Sitios, la optimizaci\u00f3n empresarial y la investigaci\u00f3n de mercado.<\/span><\/p>\n<h3 class=\"title-5\"><strong>3.3 Divulgaci\u00f3n de su informaci\u00f3n por motivos legales<\/strong><\/h3>\n<p><span style=\"font-weight: 400;\">En determinadas circunstancias, puede ser necesario que divulguemos su Informaci\u00f3n Personal para cumplir con obligaciones legales o para ejercer derechos, como se define a continuaci\u00f3n. En todos los casos, limitaremos la divulgaci\u00f3n a la medida razonablemente necesaria para cumplir con la obligaci\u00f3n o ejercer el derecho. Por ejemplo, podr\u00edamos estar obligados a divulgar su Informaci\u00f3n Personal a un organismo gubernamental, regulador, policial o judicial en virtud de una orden judicial, una orden judicial, una citaci\u00f3n o un proceso similar. Tambi\u00e9n podr\u00edamos divulgar su Informaci\u00f3n Personal a una autoridad competente si nosotros o dicha autoridad sospechamos que se ha producido una conducta delictiva o una posible actividad delictiva. Este podr\u00eda ser el caso, por ejemplo, si sospechamos que se ha cometido un fraude o un delito cibern\u00e9tico, o si nosotros o un tercero hemos recibido mensajes amenazantes o maliciosos. Por lo general, solo necesitaremos divulgar su Informaci\u00f3n Personal para estos fines si usted est\u00e1 involucrado o afectado por un incidente de este tipo.<\/span><\/p>\n<p><span style=\"font-weight: 400;\">Podr\u00edamos divulgar su Informaci\u00f3n Personal en relaci\u00f3n con el ejercicio de nuestros derechos legales, incluyendo, por ejemplo, compartir informaci\u00f3n con agencias de cobro de deudas si usted no paga las cantidades que nos debe cuando est\u00e1 contractualmente obligado a hacerlo. Nuestros derechos legales pueden ser contractuales (cuando hemos celebrado un contrato con usted) o extracontractuales (como los derechos legales que nos asisten en virtud de la legislaci\u00f3n sobre derechos de autor o responsabilidad civil).<\/span><\/p>\n<p><span style=\"font-weight: 400;\">Podr\u00edamos estar obligados a divulgar su Informaci\u00f3n Personal si estamos involucrados en una disputa con usted o un tercero. Por ejemplo, podr\u00eda ser necesario divulgar su Informaci\u00f3n Personal para resolver una disputa o en relaci\u00f3n con cualquier acci\u00f3n relacionada con una compensaci\u00f3n, mediaci\u00f3n, arbitraje, resoluci\u00f3n judicial o un proceso similar.<\/span><\/p>\n<h3 class=\"title-5\"><strong>3.4. Divulgaci\u00f3n de su informaci\u00f3n como parte de una transacci\u00f3n comercial importante<\/strong><\/h3>\n<p><span style=\"font-weight: 400;\">Podemos compartir su informaci\u00f3n con un comprador o vendedor, actual o potencial, en relaci\u00f3n con una venta o adquisici\u00f3n real o potencial de un negocio o activos por nuestra parte, una fusi\u00f3n o un evento similar, seg\u00fan lo exija la ley.<\/span><\/p>\n<h2 class=\"title-4\"><strong>4.\u00bfC\u00f3mo puede acceder, actualizar o eliminar su informaci\u00f3n?<\/strong><\/h2>\n<p><span style=\"font-weight: 400;\">Si tiene una cuenta en Toon Boom, puede acceder, corregir, descargar y solicitar la eliminaci\u00f3n de su Informaci\u00f3n Personal directamente en l\u00ednea.<\/span><\/p>\n<p><span style=\"font-weight: 400;\">Si no tiene una cuenta, puede acceder, corregir, eliminar o revocar su consentimiento para el uso y la divulgaci\u00f3n de su Informaci\u00f3n Personal contact\u00e1ndonos por correo electr\u00f3nico a la siguiente direcci\u00f3n: <a href=\"privacy@toonboom.com\">privacy@toonboom.com<\/a>. <\/span><\/p>\n<p><span style=\"font-weight: 400;\">Sujeto a las limitaciones establecidas a continuaci\u00f3n y a petici\u00f3n suya, nosotros:<\/span><\/p>\n<ul>\n<li><span style=\"font-weight: 400;\">le informaremos qu\u00e9 Informaci\u00f3n Personal almacenamos y utilizamos sobre usted, los fines para los cuales almacenamos y utilizamos dicha Informaci\u00f3n Personal y la informaci\u00f3n relacionada, seg\u00fan lo exija la ley;<\/span><\/li>\n<li><span style=\"font-weight: 400;\">corregiremos dicha Informaci\u00f3n Personal; y\/o<\/span><\/li>\n<li><span style=\"font-weight: 400;\">eliminaremos dicha Informaci\u00f3n Personal de nuestros sistemas, excepto en las circunstancias exigidas por la ley.<\/span><\/li>\n<\/ul>\n<p><span style=\"font-weight: 400;\">Existen diversas circunstancias en las que podr\u00edamos no poder procesar, total o parcialmente, las solicitudes anteriores:<\/span><\/p>\n<ul>\n<li><span style=\"font-weight: 400;\">cuando no podamos verificar su identidad: por ejemplo, si usted no puede proporcionarnos informaci\u00f3n que la acredite;<\/span><\/li>\n<li><span style=\"font-weight: 400;\">cuando el cumplimiento de la solicitud revele la Informaci\u00f3n Personal de un tercero; o<\/span><\/li>\n<li><span style=\"font-weight: 400;\">cuando el cumplimiento de la solicitud nos suponga una carga o gasto excesivo.<\/span><\/li>\n<\/ul>\n<p><span style=\"font-weight: 400;\">Si recibimos una solicitud para eliminar Informaci\u00f3n Personal recopilada desde una ubicaci\u00f3n dentro de la Uni\u00f3n Europea o Suiza, tomaremos las medidas razonables, teniendo en cuenta la tecnolog\u00eda disponible y el coste de implementaci\u00f3n, para informar a los terceros que hayan recibido su Informaci\u00f3n Personal de nosotros que usted ha solicitado la eliminaci\u00f3n de cualquier enlace, copia o r\u00e9plica de su Informaci\u00f3n Personal. <\/span><\/p>\n<h2 class=\"title-4\"><strong>5. \u00bfC\u00f3mo se asegura y protege su informaci\u00f3n?<\/strong><\/h2>\n<p><span style=\"font-weight: 400;\">Utilizamos herramientas de cifrado y\/o autenticaci\u00f3n, entre otros m\u00e9todos, para proteger la transmisi\u00f3n de su Informaci\u00f3n Personal. Sin embargo, tenga en cuenta que los correos electr\u00f3nicos que nos env\u00eda no son necesariamente seguros al recibirlos.<\/span><\/p>\n<p><span style=\"font-weight: 400;\">Al procesar compras con tarjeta de cr\u00e9dito por internet, nuestro procesador de pagos externo verificar\u00e1 la informaci\u00f3n de su tarjeta de cr\u00e9dito con la instituci\u00f3n financiera correspondiente antes de procesar su compra. Sus interacciones con dicho proveedor de servicios se rigen por la pol\u00edtica de privacidad de su sitio web. Ni nosotros ni nuestro proveedor de servicios externo compartiremos la informaci\u00f3n de su tarjeta de cr\u00e9dito con ning\u00fan otro tercero.<\/span><\/p>\n<p><span style=\"font-weight: 400;\">Informamos a nuestros empleados con acceso a su Informaci\u00f3n Personal que esta solo debe utilizarse de acuerdo con los principios establecidos en esta Pol\u00edtica de Privacidad y la legislaci\u00f3n aplicable a cada empresa. Los empleados que hagan un uso indebido de la Informaci\u00f3n Personal estar\u00e1n sujetos a medidas disciplinarias o acciones legales por parte de Toon Boom.<\/span><\/p>\n<h2 class=\"title-4\"><strong>6.Transferencias transfronterizas<\/strong><\/h2>\n<p><span style=\"font-weight: 400;\">Su Informaci\u00f3n Personal puede compartirse dentro de TOON BOOM o con nuestras filiales o proveedores de servicios, que pueden estar ubicados fuera de su jurisdicci\u00f3n. Por lo tanto, su Informaci\u00f3n Personal puede ser procesada y almacenada en una jurisdicci\u00f3n distinta a la suya y puede estar sujeta al acceso o divulgaci\u00f3n por parte de autoridades extranjeras seg\u00fan las leyes de dichas jurisdicciones.<\/span><\/p>\n<h2 class=\"title-4\"><strong>7.\u00bfDurante cu\u00e1nto tiempo conservamos su informaci\u00f3n?<\/strong><\/h2>\n<p><span style=\"font-weight: 400;\">Conservamos la Informaci\u00f3n Personal solo el tiempo necesario para cumplir con el prop\u00f3sito para el que fue enviada, a menos que la ley exija o permita un per\u00edodo de retenci\u00f3n m\u00e1s largo.<\/span><\/p>\n<h2 class=\"title-4\"><strong>8.Enlaces a sitios web de terceros<\/strong><\/h2>\n<p><span style=\"font-weight: 400;\">Los Sitios pueden contener enlaces a sitios de terceros, incluidos los de nuestros socios comerciales, proveedores y anunciantes. Si bien intentamos utilizar \u00fanicamente enlaces a sitios que comparten nuestros altos est\u00e1ndares y respeto por la privacidad, tenga en cuenta que no nos hacemos responsables del contenido ni de las pr\u00e1cticas de privacidad de otros sitios. Aseg\u00farese de revisar las pol\u00edticas de privacidad de cualquier sitio de terceros que visite desde los Sitios.<\/span><\/p>\n<h2 class=\"title-4\"><strong>9.Informaci\u00f3n publicada, foros y \u00e1reas de discusi\u00f3n<\/strong><\/h2>\n<p><span style=\"font-weight: 400;\">Algunas secciones de los Sitios le permiten publicar o divulgar p\u00fablicamente informaci\u00f3n como su CV, noticias, animaciones u otro material (\"<strong>Informaci\u00f3n Publicada<\/strong>\"). Tenga en cuenta que toda la Informaci\u00f3n Publicada se hace p\u00fablica y no estar\u00e1 protegida por esta Pol\u00edtica de Privacidad. Por lo tanto, debe tener cuidado al enviar informaci\u00f3n que se convertir\u00e1 en Informaci\u00f3n Publicada. Tambi\u00e9n debe tener en cuenta que si divulga voluntariamente Informaci\u00f3n Personal como Informaci\u00f3n Publicada, incluso en foros de anuncios o en \u00e1reas de discusi\u00f3n de los Sitios, dicha Informaci\u00f3n Publicada puede ser recopilada y utilizada por otros, y puede resultar en mensajes no solicitados de otras personas sobre las que no tenemos control.<\/span><\/p>\n<h2 class=\"title-4\"><strong>10.Consentimiento y revocaci\u00f3n de mensajes comerciales<\/strong><\/h2>\n<p><span style=\"font-weight: 400;\">Con su consentimiento, podremos enviarle mensajes (por ejemplo, por correo electr\u00f3nico) ocasionalmente para informarle sobre productos o servicios adicionales proporcionados por TOON BOOM, nuestras filiales o nuestros socios comerciales que puedan ser de su inter\u00e9s, o para responder a sus preguntas. Puede revocar su consentimiento para estos mensajes en cualquier momento haciendo clic en el enlace \"Cancelar suscripci\u00f3n\" al final de cada uno de ellos o contact\u00e1ndonos a: <a href=\"privacy@toonboom.com\">privacy@toonboom.com<\/a>.<\/span><\/p>\n<p><span style=\"font-weight: 400;\">Puede darse de baja de la correspondencia de Toon Boom Animation en cualquier momento. Para administrar sus suscripciones, visite: <a href=\"https:\/\/account.toonboom.com\/profile\/edit\">https:\/\/account.toonboom.com\/profile\/edit<\/a> y desmarque la opci\u00f3n \"Mantenerse en contacto\". Otra forma de cancelar su suscripci\u00f3n al instante es seguir el enlace directo \"Cancelar suscripci\u00f3n\" que se encuentra en la parte superior de cualquiera de nuestros correos electr\u00f3nicos.<\/span><\/p>\n<h2 class=\"title-4\"><strong>11.\u00bfQu\u00e9 sucede si modificamos nuestra Pol\u00edtica de Privacidad?<\/strong><\/h2>\n<p><span style=\"font-weight: 400;\">TOON BOOM se reserva el derecho de modificar o complementar esta Pol\u00edtica de Privacidad en cualquier momento. Si realizamos cambios sustanciales en esta Pol\u00edtica de Privacidad, publicaremos un aviso en nuestra p\u00e1gina de inicio con un enlace a la Pol\u00edtica de Privacidad actualizada. Por favor, lea dicho aviso y la nueva declaraci\u00f3n de pol\u00edtica.<\/span><\/p>\n<p><span style=\"font-weight: 400;\">Su uso continuado de los Sitios despu\u00e9s de la publicaci\u00f3n de este aviso constituir\u00e1 su aceptaci\u00f3n de los nuevos t\u00e9rminos. Sin embargo, solicitaremos su consentimiento si deseamos utilizar su Informaci\u00f3n Personal para fines distintos a los acordados previamente.<\/span><\/p>\n<h2 class=\"title-4\"><strong>12.Su opini\u00f3n es importante<\/strong><\/h2>\n<p><span style=\"font-weight: 400;\">Para supervisar y reforzar continuamente nuestro procedimiento de privacidad, contamos con un Responsable de Privacidad, con quien puede contactar en privacy@toonboom.com. Si tiene alguna pregunta sobre seguridad, privacidad y uso de la informaci\u00f3n que no haya sido respondida aqu\u00ed, p\u00f3ngase en contacto con nuestro webmaster en la siguiente direcci\u00f3n webmaster@toonboom.com.<\/span><\/p>\n<p><span style=\"font-weight: 400;\">Agradecemos cualquier sugerencia sobre nuestra Pol\u00edtica de Privacidad por correo electr\u00f3nico a <a href=\"privacy@toonboom.com\">privacy@toonboom.com<\/a> o por correo postal a:<\/span><\/p>\n<p><span style=\"font-weight: 400;\">Toon Boom Animation Inc. <\/span><\/p>\n<p><span style=\"font-weight: 400;\">55 West Mont-Royal avenue, suite 1000 <\/span><\/p>\n<p><span style=\"font-weight: 400;\">Montreal, Quebec, Canad\u00e1 <\/span><\/p>\n<p><span style=\"font-weight: 400;\">H2T 2S6<\/span><\/p>\n<p><span style=\"font-weight: 400;\">Le rogamos que sus comunicaciones sean lo m\u00e1s completas y descriptivas posible. Intentaremos responder a sus inquietudes con prontitud.<\/span><\/p>\n\t\t\t\t\t\t\t\t\t\t\t<\/div>\n\t\t\t\t<\/div>\n\t\t\t<\/div>\n\t\t<\/section>\n\t","protected":false},"excerpt":{"rendered":"","protected":false},"author":4,"featured_media":0,"parent":0,"menu_order":85,"comment_status":"closed","ping_status":"open","template":"","meta":{"_acf_changed":false,"footnotes":""},"class_list":["post-9996","page","type-page","status-publish","hentry"],"acf":[],"_links":{"self":[{"href":"https:\/\/www.toonboom.com\/es\/wp-json\/wp\/v2\/pages\/9996","targetHints":{"allow":["GET"]}}],"collection":[{"href":"https:\/\/www.toonboom.com\/es\/wp-json\/wp\/v2\/pages"}],"about":[{"href":"https:\/\/www.toonboom.com\/es\/wp-json\/wp\/v2\/types\/page"}],"author":[{"embeddable":true,"href":"https:\/\/www.toonboom.com\/es\/wp-json\/wp\/v2\/users\/4"}],"replies":[{"embeddable":true,"href":"https:\/\/www.toonboom.com\/es\/wp-json\/wp\/v2\/comments?post=9996"}],"version-history":[{"count":4,"href":"https:\/\/www.toonboom.com\/es\/wp-json\/wp\/v2\/pages\/9996\/revisions"}],"predecessor-version":[{"id":19778,"href":"https:\/\/www.toonboom.com\/es\/wp-json\/wp\/v2\/pages\/9996\/revisions\/19778"}],"wp:attachment":[{"href":"https:\/\/www.toonboom.com\/es\/wp-json\/wp\/v2\/media?parent=9996"}],"curies":[{"name":"wp","href":"https:\/\/api.w.org\/{rel}","templated":true}]}}