{"id":6328,"date":"2025-05-07T12:01:50","date_gmt":"2025-05-07T16:01:50","guid":{"rendered":"https:\/\/www.toonboom.com\/product\/harmony-gaming-3\/"},"modified":"2025-10-29T14:25:28","modified_gmt":"2025-10-29T18:25:28","slug":"jump","status":"publish","type":"product","link":"https:\/\/www.toonboom.com\/es\/products\/jump","title":{"rendered":"Jump"},"content":{"rendered":"\t\t<div class=\"header-hero-a section-block orange-accent\" data-scroll-section>\n\t\t\t<div class=\"container container-main\">\n\t\t\t\t<div class=\"row row-main\">\n\t\t\t\t\t\t\t\t\t\t\t<div class=\"centered-content col-md-8 col-left\">\n\t\t\t\t\t\t\t<div class=\"logo\">\n\t\t\t\t\t\t\t\t\t\t\t\t\t\t\t\t\t<img decoding=\"async\" loading=\"lazy\" width=\"793\" height=\"160\" src=\"https:\/\/cdn3.toonboom.com\/wp-content\/uploads\/2025\/05\/02110309\/jump-4.svg\" class=\"image\" alt=\"\" sizes=\"auto\" \/>\t\t\t\t\t\t\t\t\t\t\t\t\t\t\t<\/div>\n\n\t\t\t\t\t\t\t<div class=\"content\">\n\t\t\t\t\t\t\t\t\n\t\t\t\t\t\t\t\t\t\t\t\t\t\t\t<\/div>\n\t\t\t\t\t\t<\/div>\n\t\t\t\t\t\t\t\t\t<\/div>\n\t\t\t<\/div>\n\t\t\t<div class=\"background-wrapper\">\n\t\t\t\t\t\t\t\t\n\t<div class=\"media-wrapper\" >\n\t\t\t\t\t\t\t\t\t\t\t\t<img decoding=\"async\" width=\"1920\" height=\"1080\" src=\"https:\/\/cdn3.toonboom.com\/wp-content\/uploads\/2025\/05\/23124651\/jump-hero.jpg\" class=\"static-image\" alt=\"\" loading=\"lazy\" srcset=\"https:\/\/cdn3.toonboom.com\/wp-content\/uploads\/2025\/05\/23124651\/jump-hero.jpg 1920w, https:\/\/cdn3.toonboom.com\/wp-content\/uploads\/2025\/05\/23124651\/jump-hero-300x169.jpg 300w, https:\/\/cdn3.toonboom.com\/wp-content\/uploads\/2025\/05\/23124651\/jump-hero-1024x576.jpg 1024w, https:\/\/cdn3.toonboom.com\/wp-content\/uploads\/2025\/05\/23124651\/jump-hero-768x432.jpg 768w, https:\/\/cdn3.toonboom.com\/wp-content\/uploads\/2025\/05\/23124651\/jump-hero-1536x864.jpg 1536w, https:\/\/cdn3.toonboom.com\/wp-content\/uploads\/2025\/05\/23124651\/jump-hero-96x54.jpg 96w, https:\/\/cdn3.toonboom.com\/wp-content\/uploads\/2025\/05\/23124651\/jump-hero-80x45.jpg 80w, https:\/\/cdn3.toonboom.com\/wp-content\/uploads\/2025\/05\/23124651\/jump-hero-186x105.jpg 186w, https:\/\/cdn3.toonboom.com\/wp-content\/uploads\/2025\/05\/23124651\/jump-hero-206x116.jpg 206w, https:\/\/cdn3.toonboom.com\/wp-content\/uploads\/2025\/05\/23124651\/jump-hero-238x134.jpg 238w, https:\/\/cdn3.toonboom.com\/wp-content\/uploads\/2025\/05\/23124651\/jump-hero-275x155.jpg 275w, https:\/\/cdn3.toonboom.com\/wp-content\/uploads\/2025\/05\/23124651\/jump-hero-428x241.jpg 428w, https:\/\/cdn3.toonboom.com\/wp-content\/uploads\/2025\/05\/23124651\/jump-hero-550x309.jpg 550w, https:\/\/cdn3.toonboom.com\/wp-content\/uploads\/2025\/05\/23124651\/jump-hero-580x326.jpg 580w, https:\/\/cdn3.toonboom.com\/wp-content\/uploads\/2025\/05\/23124651\/jump-hero-780x439.jpg 780w, https:\/\/cdn3.toonboom.com\/wp-content\/uploads\/2025\/05\/23124651\/jump-hero-885x498.jpg 885w, https:\/\/cdn3.toonboom.com\/wp-content\/uploads\/2025\/05\/23124651\/jump-hero-900x506.jpg 900w, https:\/\/cdn3.toonboom.com\/wp-content\/uploads\/2025\/05\/23124651\/jump-hero-960x540.jpg 960w, https:\/\/cdn3.toonboom.com\/wp-content\/uploads\/2025\/05\/23124651\/jump-hero-1160x653.jpg 1160w, https:\/\/cdn3.toonboom.com\/wp-content\/uploads\/2025\/05\/23124651\/jump-hero-1280x720.jpg 1280w, https:\/\/cdn3.toonboom.com\/wp-content\/uploads\/2025\/05\/23124651\/jump-hero-1366x768.jpg 1366w, https:\/\/cdn3.toonboom.com\/wp-content\/uploads\/2025\/05\/23124651\/jump-hero-1440x810.jpg 1440w, https:\/\/cdn3.toonboom.com\/wp-content\/uploads\/2025\/05\/23124651\/jump-hero-1600x900.jpg 1600w\" sizes=\"auto, (max-width: 1920px) 100vw, 1920px\" \/>\t\t\t\t\t\t\t\t\n\t\t\t<\/div>\n\t\t\t\t<\/div>\n\t\t<\/div>\n\t\n\n\t\t<section class=\"text-standard section-block orange-accent\" data-scroll-section>\n\t\t\t<div class=\"container\">\n\t\t\t\t<div class=\"row row-main\">\n\t\t\t\t\t\t\t\t\t\t\t<div class=\"col-md-8 offset-md-2 col-content\">\n\t\t\t\t\t\t\t\t\t\t\t\t\t\t\t<span class=\"upper-title-1\">A la comunidad beta de JUMP<\/span>\n\t\t\t\t\t\t\t\n\t\t\t\t\t\t\t<h2 class=\"title-2\">Actualizaci\u00f3n sobre el programa beta de JUMP<\/h2>\n\t\t\t\t\t\t\t\t\t\t\t\t\t\t\t<p>Todo el equipo de Toon Boom quiere expresar su m\u00e1s sincero agradecimiento por vuestra incre\u00edble creatividad, energ\u00eda y apoyo a lo largo del programa beta de JUMP. JUMP ha sido un proyecto realmente especial para nosotros, y vuestras contribuciones y entusiasmo han significado mucho para nosotros.<\/p>\n<p>De cara al futuro, estamos aprovechando este tiempo para reflexionar sobre todo lo que hemos aprendido de la beta. Aunque a\u00fan no se ha tomado ninguna decisi\u00f3n definitiva, <strong>no esperamos reanudar el desarrollo activo de JUMP<\/strong> a corto plazo. Este periodo de reflexi\u00f3n es esencial para determinar c\u00f3mo podemos apoyar mejor a los creadores de juegos en 2D con nuestras herramientas y servicios en el futuro.<\/p>\n<p>Gracias de nuevo por formar parte de este viaje. Nos aseguraremos de compartir cualquier novedad tan pronto como podamos.<\/p>\n<p>Si tienes alguna pregunta sobre la participaci\u00f3n de Toon Boom en el desarrollo de juegos, ponte en contacto con: <a href=\"mailto:jump-beta@toonboom.com\">jump-beta@toonboom.com<\/a>.<\/p>\n\t\t\t\t\t\t\t\n\t\t\t\t\t\t\t\t\t\t\t\t\t<\/div>\n\t\t\t\t\t\t\t\t\t<\/div>\n\t\t\t<\/div>\n\t\t<\/section>\n\t","protected":false},"featured_media":6333,"template":"","tax_product_category":[],"class_list":["post-6328","product","type-product","status-publish","has-post-thumbnail","hentry"],"acf":[],"_links":{"self":[{"href":"https:\/\/www.toonboom.com\/es\/wp-json\/wp\/v2\/product\/6328","targetHints":{"allow":["GET"]}}],"collection":[{"href":"https:\/\/www.toonboom.com\/es\/wp-json\/wp\/v2\/product"}],"about":[{"href":"https:\/\/www.toonboom.com\/es\/wp-json\/wp\/v2\/types\/product"}],"wp:featuredmedia":[{"embeddable":true,"href":"https:\/\/www.toonboom.com\/es\/wp-json\/wp\/v2\/media\/6333"}],"wp:attachment":[{"href":"https:\/\/www.toonboom.com\/es\/wp-json\/wp\/v2\/media?parent=6328"}],"wp:term":[{"taxonomy":"product_category","embeddable":true,"href":"https:\/\/www.toonboom.com\/es\/wp-json\/wp\/v2\/tax_product_category?post=6328"}],"curies":[{"name":"wp","href":"https:\/\/api.w.org\/{rel}","templated":true}]}}