{"id":9948,"date":"2025-04-23T20:39:27","date_gmt":"2025-04-24T00:39:27","guid":{"rendered":"https:\/\/www.toonboom.com\/?page_id=9948"},"modified":"2025-06-20T11:42:28","modified_gmt":"2025-06-20T15:42:28","slug":"apprentissage","status":"publish","type":"page","link":"https:\/\/www.toonboom.com\/fr\/apprentissage","title":{"rendered":"Apprentissage"},"content":{"rendered":"\t\t<header class=\"header-secondary-a section-block green-accent\" data-scroll-section>\n\t\t\t<div class=\"container\">\n\t\t\t\t<div class=\"row row-main\">\n\t\t\t\t\t<div class=\"col-xl-4 col-md-5 col-image\">\n\t\t\t\t\t\t<div class=\"image-wrapper\">\n\t\t\t\t\t\t\t\t\t\t\t\t\t\t\t\t\t\t\t\t\t\t<img fetchpriority=\"high\" decoding=\"async\" width=\"864\" height=\"1152\" src=\"https:\/\/cdn3.toonboom.com\/wp-content\/uploads\/2025\/05\/26144709\/HV1.jpg\" class=\"image\" alt=\"\" sizes=\"auto\" loading=\"eager\" srcset=\"https:\/\/cdn3.toonboom.com\/wp-content\/uploads\/2025\/05\/26144709\/HV1.jpg 864w, https:\/\/cdn3.toonboom.com\/wp-content\/uploads\/2025\/05\/26144709\/HV1-225x300.jpg 225w, https:\/\/cdn3.toonboom.com\/wp-content\/uploads\/2025\/05\/26144709\/HV1-768x1024.jpg 768w, https:\/\/cdn3.toonboom.com\/wp-content\/uploads\/2025\/05\/26144709\/HV1-96x128.jpg 96w, https:\/\/cdn3.toonboom.com\/wp-content\/uploads\/2025\/05\/26144709\/HV1-80x107.jpg 80w, https:\/\/cdn3.toonboom.com\/wp-content\/uploads\/2025\/05\/26144709\/HV1-186x248.jpg 186w, https:\/\/cdn3.toonboom.com\/wp-content\/uploads\/2025\/05\/26144709\/HV1-206x275.jpg 206w, https:\/\/cdn3.toonboom.com\/wp-content\/uploads\/2025\/05\/26144709\/HV1-238x317.jpg 238w, https:\/\/cdn3.toonboom.com\/wp-content\/uploads\/2025\/05\/26144709\/HV1-275x367.jpg 275w, https:\/\/cdn3.toonboom.com\/wp-content\/uploads\/2025\/05\/26144709\/HV1-428x571.jpg 428w, https:\/\/cdn3.toonboom.com\/wp-content\/uploads\/2025\/05\/26144709\/HV1-550x733.jpg 550w, https:\/\/cdn3.toonboom.com\/wp-content\/uploads\/2025\/05\/26144709\/HV1-580x773.jpg 580w, https:\/\/cdn3.toonboom.com\/wp-content\/uploads\/2025\/05\/26144709\/HV1-780x1040.jpg 780w\" \/>\t\t\t\t\t\t\t\t\t\t\t\t\t<\/div>\n\t\t\t\t\t<\/div>\n\t\t\t\t\n\t\t\t\t\t<div class=\"col-md-12 col-content\">\n\t\t\t\t\t\t<div class=\"header\">\n\t\t\t\t\t\t\t\t\t\t\t\t\t\t\t<h1 class=\"upper-title-1\">Apprentissage<\/h1>\t\t\t\t\t\t\t\t\t\t\t\t\t\t\t\t\t\t\t\t\t\t<h2 class=\"title title-1\">Am\u00e9liorez vos comp\u00e9tences<\/h2>\t\t\t\t\t\t\t\t\t\t\t\t\t<\/div>\n\n\t\t\t\t\t\t<div class=\"content\">\n\t\t\t\t\t\t\t\t\t\t\t\t\t\t\t\t\t\t\t\t\t\t\t\t<div class=\"text\">\n\t\t\t\t\t\t\t\t\t\t<p>Explorez les ressources de formation Toon Boom pour dynamiser votre parcours cr\u00e9atif. Nous proposons une vari\u00e9t\u00e9 d'options de formation, des tutoriels \u00e0 votre rythme aux cours dispens\u00e9s par des experts, con\u00e7ues pour vous doter des comp\u00e9tences et des connaissances n\u00e9cessaires \u00e0 votre r\u00e9ussite. Que vous d\u00e9butiez ou que vous cherchiez \u00e0 d\u00e9velopper votre expertise, Toon Boom Learning vous offre les ressources n\u00e9cessaires pour vous \u00e9panouir.<\/p>\n\t\t\t\t\t\t\t\t\t<\/div>\n\t\t\t\t\t\t\t\t\n\t\t\t\t\t\t\t\t\t\t\t\t\t\t\t\t\t\t\t\t\t<\/div>\n\t\t\t\t\t<\/div>\n\t\t\t\t<\/div>\n\t\t\t<\/div>\n\t\t<\/header>\n\t\n\n\t\t<section class=\"media-text-image-a section-block green-accent\" data-scroll-section>\n\t\t\t<div class=\"container\">\n\t\t\t\t<div class=\"row row-main\">\n\t\t\t\t\t<div class=\"col-md-6 col-content\">\n\t\t\t\t\t\t\t\t\t\t\t\t\t<span class=\"upper-title-1\">Portail d'apprentissage<\/span>\n\t\t\t\t\t\t\n\t\t\t\t\t\t<h2 class=\"title-2\">Choisissez le parcours d'apprentissage en ligne qui vous convient<\/h2>\n\t\t\t\t\t\t\t\t\t\t\t\t\t<p>Apprenez Storyboard Pro et Harmony gratuitement ! Apprenez \u00e0 votre rythme, testez vos comp\u00e9tences et gagnez des badges en cours de route.<\/p>\n\t\t\t\t\t\t\n\t\t\t\t\t\t\t\t\t\t\t\t\t<div class=\"btns\">\n\t\t\t\t\t\t\t\t\t\t\t\t\t\t\t\t\t\t\t\t<a href=\"https:\/\/learn.toonboom.com\/fr\"\n\t\t\t\tclass=\"button button-primary\"\n\t\t\t\t target=\"_blank\" rel=\"noopener\"\t\t\t\t>\n\t\t\t\t<span class=\"button-mask\">\n\t\t\t\t\t<span class=\"mask-label\">En savoir plus<i class=\"material-symbols-outlined icon\" aria-hidden=\"true\">arrow_outward<\/i><\/span>\n\t\t\t\t\t\t\t\t\t\t\t<span aria-hidden=\"true\" class=\"mask-extra-label\">En savoir plus<i class=\"material-symbols-outlined icon\" aria-hidden=\"true\">arrow_outward<\/i><\/span>\n\t\t\t\t\t\t\t\t\t<\/span>\n\t\t\t<\/a>\n\t\t\t\t\t\t\t\t\t\t\t\t\t\t\t\t\t<\/div>\n\t\t\t\t\t\t\t\t\t\t\t<\/div>\n\t\t\t\t\t\t\t\t\t\t\t<div class=\"col-md-6 col-player \">\n\t\t\t\t\t\t\t\n\t<div class=\"media-wrapper\" >\n\t\t\t\t\t\t\t\t\t\t\t\t<img decoding=\"async\" width=\"1320\" height=\"990\" src=\"https:\/\/cdn3.toonboom.com\/wp-content\/uploads\/2025\/05\/26152207\/1.jpg\" class=\"static-image\" alt=\"\" loading=\"lazy\" srcset=\"https:\/\/cdn3.toonboom.com\/wp-content\/uploads\/2025\/05\/26152207\/1.jpg 1320w, https:\/\/cdn3.toonboom.com\/wp-content\/uploads\/2025\/05\/26152207\/1-300x225.jpg 300w, https:\/\/cdn3.toonboom.com\/wp-content\/uploads\/2025\/05\/26152207\/1-1024x768.jpg 1024w, https:\/\/cdn3.toonboom.com\/wp-content\/uploads\/2025\/05\/26152207\/1-768x576.jpg 768w, https:\/\/cdn3.toonboom.com\/wp-content\/uploads\/2025\/05\/26152207\/1-96x72.jpg 96w, https:\/\/cdn3.toonboom.com\/wp-content\/uploads\/2025\/05\/26152207\/1-80x60.jpg 80w, https:\/\/cdn3.toonboom.com\/wp-content\/uploads\/2025\/05\/26152207\/1-186x140.jpg 186w, https:\/\/cdn3.toonboom.com\/wp-content\/uploads\/2025\/05\/26152207\/1-206x155.jpg 206w, https:\/\/cdn3.toonboom.com\/wp-content\/uploads\/2025\/05\/26152207\/1-238x179.jpg 238w, https:\/\/cdn3.toonboom.com\/wp-content\/uploads\/2025\/05\/26152207\/1-275x206.jpg 275w, https:\/\/cdn3.toonboom.com\/wp-content\/uploads\/2025\/05\/26152207\/1-428x321.jpg 428w, https:\/\/cdn3.toonboom.com\/wp-content\/uploads\/2025\/05\/26152207\/1-550x413.jpg 550w, https:\/\/cdn3.toonboom.com\/wp-content\/uploads\/2025\/05\/26152207\/1-580x435.jpg 580w, https:\/\/cdn3.toonboom.com\/wp-content\/uploads\/2025\/05\/26152207\/1-780x585.jpg 780w, https:\/\/cdn3.toonboom.com\/wp-content\/uploads\/2025\/05\/26152207\/1-885x664.jpg 885w, https:\/\/cdn3.toonboom.com\/wp-content\/uploads\/2025\/05\/26152207\/1-900x675.jpg 900w, https:\/\/cdn3.toonboom.com\/wp-content\/uploads\/2025\/05\/26152207\/1-960x720.jpg 960w, https:\/\/cdn3.toonboom.com\/wp-content\/uploads\/2025\/05\/26152207\/1-1160x870.jpg 1160w, https:\/\/cdn3.toonboom.com\/wp-content\/uploads\/2025\/05\/26152207\/1-1280x960.jpg 1280w\" sizes=\"auto, (max-width: 1320px) 100vw, 1320px\" \/>\t\t\t\t\t\t\t\t\n\t\t\t<\/div>\n\t\t\t\t\t\t\t<\/div>\n\t\t\t\t\t\t\t\t\t<\/div>\n\t\t\t<\/div>\n\t\t<\/section>\n\t\n\n\t\t<section class=\"text-cta-a section-block teal-theme subtle-theme\" data-scroll-section>\n\t\t\t<div class=\"container\">\n\t\t\t\t<div class=\"row row-main\">\n\t\t\t\t\t<div class=\"col-md-12 col-text\">\n\t\t\t\t\t\t<div class=\"text-wrapper\">\n\t\t\t\t\t\t\t\t\t\t\t\t\t\t\t<span class=\"upper-title-1\">Cours en ligne avec formateur<\/span>\n\t\t\t\t\t\t\t\n\t\t\t\t\t\t\t\t\t\t\t\t\t\t\t<h2 class=\"title title-2\">La croissance cr\u00e9ative commence ici<\/h2>\t\t\t\t\t\t\t\n\t\t\t\t\t\t\t\t\t\t\t\t\t\t\t<p>Con\u00e7us et dispens\u00e9s par des experts de Toon Boom, nos cours de formation en ligne uniques vous permettent de concentrer votre cr\u00e9ativit\u00e9 en vous perfectionnant dans le domaine de votre choix tout en d\u00e9couvrant les meilleures pratiques du secteur.<\/p>\n\t\t\t\t\t\t\t\n\t\t\t\t\t\t\t\t\t\t\t\t\t\t\t<div class=\"btns\">\n\t\t\t\t\t\t\t\t\t\t\t\t\t\t\t\t\t\t\t\t\t\t<a href=\"https:\/\/www.toonboom.com\/fr\/formation\"\n\t\t\t\tclass=\"button button-primary\"\n\t\t\t\t\t\t\t\t>\n\t\t\t\t<span class=\"button-mask\">\n\t\t\t\t\t<span class=\"mask-label\">Commencer \u00e0 apprendre<\/span>\n\t\t\t\t\t\t\t\t\t\t\t<span aria-hidden=\"true\" class=\"mask-extra-label\">Commencer \u00e0 apprendre<\/span>\n\t\t\t\t\t\t\t\t\t<\/span>\n\t\t\t<\/a>\n\t\t\t\t\t\t\t\t\t\t\t\t\t\t\t\t\t\t\t<\/div>\n\t\t\t\t\t\t\t\t\t\t\t\t\t<\/div>\n\t\t\t\t\t<\/div>\n\t\t\t\t<\/div>\n\t\t\t<\/div>\n\t\t<\/section>\n\t","protected":false},"excerpt":{"rendered":"","protected":false},"author":4,"featured_media":0,"parent":0,"menu_order":42,"comment_status":"closed","ping_status":"closed","template":"","meta":{"_acf_changed":false,"footnotes":""},"class_list":["post-9948","page","type-page","status-publish","hentry"],"acf":[],"_links":{"self":[{"href":"https:\/\/www.toonboom.com\/fr\/wp-json\/wp\/v2\/pages\/9948","targetHints":{"allow":["GET"]}}],"collection":[{"href":"https:\/\/www.toonboom.com\/fr\/wp-json\/wp\/v2\/pages"}],"about":[{"href":"https:\/\/www.toonboom.com\/fr\/wp-json\/wp\/v2\/types\/page"}],"author":[{"embeddable":true,"href":"https:\/\/www.toonboom.com\/fr\/wp-json\/wp\/v2\/users\/4"}],"replies":[{"embeddable":true,"href":"https:\/\/www.toonboom.com\/fr\/wp-json\/wp\/v2\/comments?post=9948"}],"version-history":[{"count":4,"href":"https:\/\/www.toonboom.com\/fr\/wp-json\/wp\/v2\/pages\/9948\/revisions"}],"predecessor-version":[{"id":19599,"href":"https:\/\/www.toonboom.com\/fr\/wp-json\/wp\/v2\/pages\/9948\/revisions\/19599"}],"wp:attachment":[{"href":"https:\/\/www.toonboom.com\/fr\/wp-json\/wp\/v2\/media?parent=9948"}],"curies":[{"name":"wp","href":"https:\/\/api.w.org\/{rel}","templated":true}]}}