{"id":9955,"date":"2025-04-23T20:41:24","date_gmt":"2025-04-24T00:41:24","guid":{"rendered":"https:\/\/www.toonboom.com\/?page_id=9955"},"modified":"2025-06-04T23:14:28","modified_gmt":"2025-06-05T03:14:28","slug":"education","status":"publish","type":"page","link":"https:\/\/www.toonboom.com\/fr\/education","title":{"rendered":"\u00c9ducation"},"content":{"rendered":"\t\t<header class=\"header-secondary-a section-block yellow-accent\" data-scroll-section>\n\t\t\t<div class=\"container\">\n\t\t\t\t<div class=\"row row-main\">\n\t\t\t\t\t<div class=\"col-xl-4 col-md-5 col-image\">\n\t\t\t\t\t\t<div class=\"image-wrapper\">\n\t\t\t\t\t\t\t\t\t\t\t\t\t\t\t\t\t\t\t\t\t\t<img fetchpriority=\"high\" decoding=\"async\" width=\"864\" height=\"1152\" src=\"https:\/\/cdn3.toonboom.com\/wp-content\/uploads\/2025\/05\/26144845\/HV2.jpg\" class=\"image\" alt=\"\" sizes=\"auto\" loading=\"eager\" srcset=\"https:\/\/cdn3.toonboom.com\/wp-content\/uploads\/2025\/05\/26144845\/HV2.jpg 864w, https:\/\/cdn3.toonboom.com\/wp-content\/uploads\/2025\/05\/26144845\/HV2-225x300.jpg 225w, https:\/\/cdn3.toonboom.com\/wp-content\/uploads\/2025\/05\/26144845\/HV2-768x1024.jpg 768w, https:\/\/cdn3.toonboom.com\/wp-content\/uploads\/2025\/05\/26144845\/HV2-96x128.jpg 96w, https:\/\/cdn3.toonboom.com\/wp-content\/uploads\/2025\/05\/26144845\/HV2-80x107.jpg 80w, https:\/\/cdn3.toonboom.com\/wp-content\/uploads\/2025\/05\/26144845\/HV2-186x248.jpg 186w, https:\/\/cdn3.toonboom.com\/wp-content\/uploads\/2025\/05\/26144845\/HV2-206x275.jpg 206w, https:\/\/cdn3.toonboom.com\/wp-content\/uploads\/2025\/05\/26144845\/HV2-238x317.jpg 238w, https:\/\/cdn3.toonboom.com\/wp-content\/uploads\/2025\/05\/26144845\/HV2-275x367.jpg 275w, https:\/\/cdn3.toonboom.com\/wp-content\/uploads\/2025\/05\/26144845\/HV2-428x571.jpg 428w, https:\/\/cdn3.toonboom.com\/wp-content\/uploads\/2025\/05\/26144845\/HV2-550x733.jpg 550w, https:\/\/cdn3.toonboom.com\/wp-content\/uploads\/2025\/05\/26144845\/HV2-580x773.jpg 580w, https:\/\/cdn3.toonboom.com\/wp-content\/uploads\/2025\/05\/26144845\/HV2-780x1040.jpg 780w\" \/>\t\t\t\t\t\t\t\t\t\t\t\t\t<\/div>\n\t\t\t\t\t<\/div>\n\t\t\t\t\n\t\t\t\t\t<div class=\"col-md-12 col-content\">\n\t\t\t\t\t\t<div class=\"header\">\n\t\t\t\t\t\t\t\t\t\t\t\t\t\t\t<h1 class=\"upper-title-1\">\u00c9ducation<\/h1>\t\t\t\t\t\t\t\t\t\t\t\t\t\t\t\t\t\t\t\t\t\t<h2 class=\"title title-1\">Favoriser l'avenir de l'animation<\/h2>\t\t\t\t\t\t\t\t\t\t\t\t\t<\/div>\n\n\t\t\t\t\t\t<div class=\"content\">\n\t\t\t\t\t\t\t\t\t\t\t\t\t\t\t\t\t\t\t\t\t\t\t\t<div class=\"text\">\n\t\t\t\t\t\t\t\t\t\t<p>Toon Boom collabore avec les \u00e9tablissements d'enseignement pour b\u00e2tir un \u00e9cosyst\u00e8me p\u00e9dagogique durable en animation. Du primaire et du secondaire \u00e0 l'enseignement sup\u00e9rieur et professionnel, nous proposons des outils, des ressources et des programmes adapt\u00e9s aux besoins du secteur, qui permettent aux enseignants et aux \u00e9tudiants d'acqu\u00e9rir les comp\u00e9tences recherch\u00e9es pour r\u00e9ussir leur carri\u00e8re dans l'animation.<\/p>\n\t\t\t\t\t\t\t\t\t<\/div>\n\t\t\t\t\t\t\t\t\n\t\t\t\t\t\t\t\t\t\t\t\t\t\t\t\t\t\t\t\t\t<\/div>\n\t\t\t\t\t<\/div>\n\t\t\t\t<\/div>\n\t\t\t<\/div>\n\t\t<\/header>\n\t\n\n\t\t<section class=\"media-text-image-a section-block yellow-accent\" data-scroll-section>\n\t\t\t<div class=\"container\">\n\t\t\t\t<div class=\"row row-main\">\n\t\t\t\t\t<div class=\"col-md-6 col-content\">\n\t\t\t\t\t\t\t\t\t\t\t\t\t<span class=\"upper-title-1\">\u00c9tudiants<\/span>\n\t\t\t\t\t\t\n\t\t\t\t\t\t<h2 class=\"title-2\">Passez de la salle de classe \u00e0 un environnement de studio<\/h2>\n\t\t\t\t\t\t\t\t\t\t\t\t\t<p>Apprenez l'art de l'animation avec des outils standards. En tant qu'\u00e9tudiant en animation, il est utile d'apprendre \u00e0 dessiner, squelettiser et animer avec des outils utilis\u00e9s par les studios du monde entier. Apprendre le logiciel polyvalent de Toon Boom vous sera utile pour postuler \u00e0 votre premier emploi en studio.<\/p>\n\t\t\t\t\t\t\n\t\t\t\t\t\t\t\t\t\t\t\t\t<div class=\"btns\">\n\t\t\t\t\t\t\t\t\t\t\t\t\t\t\t\t\t\t\t\t<a href=\"https:\/\/www.toonboom.com\/fr\/les-etudiants\"\n\t\t\t\tclass=\"button button-primary\"\n\t\t\t\t\t\t\t\t>\n\t\t\t\t<span class=\"button-mask\">\n\t\t\t\t\t<span class=\"mask-label\">En savoir plus<\/span>\n\t\t\t\t\t\t\t\t\t\t\t<span aria-hidden=\"true\" class=\"mask-extra-label\">En savoir plus<\/span>\n\t\t\t\t\t\t\t\t\t<\/span>\n\t\t\t<\/a>\n\t\t\t\t\t\t\t\t\t\t\t\t\t\t\t\t\t<\/div>\n\t\t\t\t\t\t\t\t\t\t\t<\/div>\n\t\t\t\t\t\t\t\t\t\t\t<div class=\"col-md-6 col-player \">\n\t\t\t\t\t\t\t\n\t<div class=\"media-wrapper\" >\n\t\t\t\t\t\t\t\t\t\t\t\t<img decoding=\"async\" width=\"1320\" height=\"990\" src=\"https:\/\/cdn3.toonboom.com\/wp-content\/uploads\/2025\/05\/26152340\/4.jpg\" class=\"static-image\" alt=\"\" loading=\"lazy\" srcset=\"https:\/\/cdn3.toonboom.com\/wp-content\/uploads\/2025\/05\/26152340\/4.jpg 1320w, https:\/\/cdn3.toonboom.com\/wp-content\/uploads\/2025\/05\/26152340\/4-300x225.jpg 300w, https:\/\/cdn3.toonboom.com\/wp-content\/uploads\/2025\/05\/26152340\/4-1024x768.jpg 1024w, https:\/\/cdn3.toonboom.com\/wp-content\/uploads\/2025\/05\/26152340\/4-768x576.jpg 768w, https:\/\/cdn3.toonboom.com\/wp-content\/uploads\/2025\/05\/26152340\/4-96x72.jpg 96w, https:\/\/cdn3.toonboom.com\/wp-content\/uploads\/2025\/05\/26152340\/4-80x60.jpg 80w, https:\/\/cdn3.toonboom.com\/wp-content\/uploads\/2025\/05\/26152340\/4-186x140.jpg 186w, https:\/\/cdn3.toonboom.com\/wp-content\/uploads\/2025\/05\/26152340\/4-206x155.jpg 206w, https:\/\/cdn3.toonboom.com\/wp-content\/uploads\/2025\/05\/26152340\/4-238x179.jpg 238w, https:\/\/cdn3.toonboom.com\/wp-content\/uploads\/2025\/05\/26152340\/4-275x206.jpg 275w, https:\/\/cdn3.toonboom.com\/wp-content\/uploads\/2025\/05\/26152340\/4-428x321.jpg 428w, https:\/\/cdn3.toonboom.com\/wp-content\/uploads\/2025\/05\/26152340\/4-550x413.jpg 550w, https:\/\/cdn3.toonboom.com\/wp-content\/uploads\/2025\/05\/26152340\/4-580x435.jpg 580w, https:\/\/cdn3.toonboom.com\/wp-content\/uploads\/2025\/05\/26152340\/4-780x585.jpg 780w, https:\/\/cdn3.toonboom.com\/wp-content\/uploads\/2025\/05\/26152340\/4-885x664.jpg 885w, https:\/\/cdn3.toonboom.com\/wp-content\/uploads\/2025\/05\/26152340\/4-900x675.jpg 900w, https:\/\/cdn3.toonboom.com\/wp-content\/uploads\/2025\/05\/26152340\/4-960x720.jpg 960w, https:\/\/cdn3.toonboom.com\/wp-content\/uploads\/2025\/05\/26152340\/4-1160x870.jpg 1160w, https:\/\/cdn3.toonboom.com\/wp-content\/uploads\/2025\/05\/26152340\/4-1280x960.jpg 1280w\" sizes=\"auto, (max-width: 1320px) 100vw, 1320px\" \/>\t\t\t\t\t\t\t\t\n\t\t\t<\/div>\n\t\t\t\t\t\t\t<\/div>\n\t\t\t\t\t\t\t\t\t<\/div>\n\t\t\t<\/div>\n\t\t<\/section>\n\t\n\n\t\t<section class=\"text-cta-a section-block blue-theme subtle-theme\" data-scroll-section>\n\t\t\t<div class=\"container\">\n\t\t\t\t<div class=\"row row-main\">\n\t\t\t\t\t<div class=\"col-md-12 col-text\">\n\t\t\t\t\t\t<div class=\"text-wrapper\">\n\t\t\t\t\t\t\t\t\t\t\t\t\t\t\t<span class=\"upper-title-1\">Enseignants<\/span>\n\t\t\t\t\t\t\t\n\t\t\t\t\t\t\t\t\t\t\t\t\t\t\t<h2 class=\"title title-2\">Pr\u00e9parez vos \u00e9tudiants aux carri\u00e8res en animation<\/h2>\t\t\t\t\t\t\t\n\t\t\t\t\t\t\t\t\t\t\t\t\t\t\t<p>Toon Boom Animation propose des ressources pour aider les enseignants \u00e0 atteindre leurs objectifs. Que vous pr\u00e9pariez des \u00e9tudiants en animation \u00e0 des carri\u00e8res dynamiques en studio ou que vous enseigniez \u00e0 vos \u00e9l\u00e8ves les valeurs de la cr\u00e9ativit\u00e9, de l'esprit critique, de la communication et de la collaboration, Toon Boom Animation s'engage \u00e0 soutenir vos objectifs p\u00e9dagogiques.<\/p>\n\t\t\t\t\t\t\t\n\t\t\t\t\t\t\t\t\t\t\t\t\t\t\t<div class=\"btns\">\n\t\t\t\t\t\t\t\t\t\t\t\t\t\t\t\t\t\t\t\t\t\t<a href=\"https:\/\/www.toonboom.com\/fr\/enseignants\"\n\t\t\t\tclass=\"button button-primary\"\n\t\t\t\t\t\t\t\t>\n\t\t\t\t<span class=\"button-mask\">\n\t\t\t\t\t<span class=\"mask-label\">En savoir plus<\/span>\n\t\t\t\t\t\t\t\t\t\t\t<span aria-hidden=\"true\" class=\"mask-extra-label\">En savoir plus<\/span>\n\t\t\t\t\t\t\t\t\t<\/span>\n\t\t\t<\/a>\n\t\t\t\t\t\t\t\t\t\t\t\t\t\t\t\t\t\t\t<\/div>\n\t\t\t\t\t\t\t\t\t\t\t\t\t<\/div>\n\t\t\t\t\t<\/div>\n\t\t\t\t<\/div>\n\t\t\t<\/div>\n\t\t<\/section>\n\t\n\n\t\t<section class=\"media-text-image-b section-block yellow-accent\" data-scroll-section>\n\t\t\t<div class=\"container\">\n\t\t\t\t<div class=\"row row-main\">\n\t\t\t\t\t<div class=\"col-md-6 col-image\">\n\t\t\t\t\t\t<div class=\"image-wrapper grid-overlap\">\n\t\t\t\t\t\t\t\t\t\t\t\t\t\t\t<img decoding=\"async\" loading=\"lazy\" width=\"1320\" height=\"990\" src=\"https:\/\/cdn3.toonboom.com\/wp-content\/uploads\/2025\/05\/26152403\/A.jpg\" class=\"image first-image\" alt=\"\" sizes=\"auto\" srcset=\"https:\/\/cdn3.toonboom.com\/wp-content\/uploads\/2025\/05\/26152403\/A.jpg 1320w, https:\/\/cdn3.toonboom.com\/wp-content\/uploads\/2025\/05\/26152403\/A-300x225.jpg 300w, https:\/\/cdn3.toonboom.com\/wp-content\/uploads\/2025\/05\/26152403\/A-1024x768.jpg 1024w, https:\/\/cdn3.toonboom.com\/wp-content\/uploads\/2025\/05\/26152403\/A-768x576.jpg 768w, https:\/\/cdn3.toonboom.com\/wp-content\/uploads\/2025\/05\/26152403\/A-96x72.jpg 96w, https:\/\/cdn3.toonboom.com\/wp-content\/uploads\/2025\/05\/26152403\/A-80x60.jpg 80w, https:\/\/cdn3.toonboom.com\/wp-content\/uploads\/2025\/05\/26152403\/A-186x140.jpg 186w, https:\/\/cdn3.toonboom.com\/wp-content\/uploads\/2025\/05\/26152403\/A-206x155.jpg 206w, https:\/\/cdn3.toonboom.com\/wp-content\/uploads\/2025\/05\/26152403\/A-238x179.jpg 238w, https:\/\/cdn3.toonboom.com\/wp-content\/uploads\/2025\/05\/26152403\/A-275x206.jpg 275w, https:\/\/cdn3.toonboom.com\/wp-content\/uploads\/2025\/05\/26152403\/A-428x321.jpg 428w, https:\/\/cdn3.toonboom.com\/wp-content\/uploads\/2025\/05\/26152403\/A-550x413.jpg 550w, https:\/\/cdn3.toonboom.com\/wp-content\/uploads\/2025\/05\/26152403\/A-580x435.jpg 580w, https:\/\/cdn3.toonboom.com\/wp-content\/uploads\/2025\/05\/26152403\/A-780x585.jpg 780w, https:\/\/cdn3.toonboom.com\/wp-content\/uploads\/2025\/05\/26152403\/A-885x664.jpg 885w, https:\/\/cdn3.toonboom.com\/wp-content\/uploads\/2025\/05\/26152403\/A-900x675.jpg 900w, https:\/\/cdn3.toonboom.com\/wp-content\/uploads\/2025\/05\/26152403\/A-960x720.jpg 960w, https:\/\/cdn3.toonboom.com\/wp-content\/uploads\/2025\/05\/26152403\/A-1160x870.jpg 1160w, https:\/\/cdn3.toonboom.com\/wp-content\/uploads\/2025\/05\/26152403\/A-1280x960.jpg 1280w\" \/>\t\t\t\t\t\t\t\t<img decoding=\"async\" loading=\"lazy\" width=\"1320\" height=\"990\" src=\"https:\/\/cdn3.toonboom.com\/wp-content\/uploads\/2025\/05\/26152411\/B.jpg\" class=\"image second-image\" alt=\"\" sizes=\"auto\" srcset=\"https:\/\/cdn3.toonboom.com\/wp-content\/uploads\/2025\/05\/26152411\/B.jpg 1320w, https:\/\/cdn3.toonboom.com\/wp-content\/uploads\/2025\/05\/26152411\/B-300x225.jpg 300w, https:\/\/cdn3.toonboom.com\/wp-content\/uploads\/2025\/05\/26152411\/B-1024x768.jpg 1024w, https:\/\/cdn3.toonboom.com\/wp-content\/uploads\/2025\/05\/26152411\/B-768x576.jpg 768w, https:\/\/cdn3.toonboom.com\/wp-content\/uploads\/2025\/05\/26152411\/B-96x72.jpg 96w, https:\/\/cdn3.toonboom.com\/wp-content\/uploads\/2025\/05\/26152411\/B-80x60.jpg 80w, https:\/\/cdn3.toonboom.com\/wp-content\/uploads\/2025\/05\/26152411\/B-186x140.jpg 186w, https:\/\/cdn3.toonboom.com\/wp-content\/uploads\/2025\/05\/26152411\/B-206x155.jpg 206w, https:\/\/cdn3.toonboom.com\/wp-content\/uploads\/2025\/05\/26152411\/B-238x179.jpg 238w, https:\/\/cdn3.toonboom.com\/wp-content\/uploads\/2025\/05\/26152411\/B-275x206.jpg 275w, https:\/\/cdn3.toonboom.com\/wp-content\/uploads\/2025\/05\/26152411\/B-428x321.jpg 428w, https:\/\/cdn3.toonboom.com\/wp-content\/uploads\/2025\/05\/26152411\/B-550x413.jpg 550w, https:\/\/cdn3.toonboom.com\/wp-content\/uploads\/2025\/05\/26152411\/B-580x435.jpg 580w, https:\/\/cdn3.toonboom.com\/wp-content\/uploads\/2025\/05\/26152411\/B-780x585.jpg 780w, https:\/\/cdn3.toonboom.com\/wp-content\/uploads\/2025\/05\/26152411\/B-885x664.jpg 885w, https:\/\/cdn3.toonboom.com\/wp-content\/uploads\/2025\/05\/26152411\/B-900x675.jpg 900w, https:\/\/cdn3.toonboom.com\/wp-content\/uploads\/2025\/05\/26152411\/B-960x720.jpg 960w, https:\/\/cdn3.toonboom.com\/wp-content\/uploads\/2025\/05\/26152411\/B-1160x870.jpg 1160w, https:\/\/cdn3.toonboom.com\/wp-content\/uploads\/2025\/05\/26152411\/B-1280x960.jpg 1280w\" \/>\t\t\t\t\t\t\t\t\t\t\t\t\t<\/div>\n\t\t\t\t\t<\/div>\n\t\t\t\t\t<div class=\"col-md-6 col-content\">\n\t\t\t\t\t\t\t\t\t\t\t\t\t<span class=\"upper-title-1\">Programmes acad\u00e9miques<\/span>\n\t\t\t\t\t\t\n\t\t\t\t\t\t<h2 class=\"title-2\">Adapt\u00e9s aux \u00e9tablissements d\u2019enseignement<\/h2>\n\t\t\t\t\t\t\t\t\t\t\t\t\t<p>Toon Boom collabore avec des \u00e9tablissements d\u2019enseignement et des gouvernements pour d\u00e9velopper des programmes d'animation qui r\u00e9pondent aux exigences de l'industrie et dotent les \u00e9tudiants de comp\u00e9tences hautement employables.<\/p>\n\t\t\t\t\t\t\n\t\t\t\t\t\t\t\t\t\t\t\t\t<div class=\"btns\">\n\t\t\t\t\t\t\t\t\t\t\t\t\t\t\t\t\t\t\t\t<a href=\"https:\/\/www.toonboom.com\/fr\/programmes-academiques\"\n\t\t\t\tclass=\"button button-primary\"\n\t\t\t\t\t\t\t\t>\n\t\t\t\t<span class=\"button-mask\">\n\t\t\t\t\t<span class=\"mask-label\">En savoir plus<\/span>\n\t\t\t\t\t\t\t\t\t\t\t<span aria-hidden=\"true\" class=\"mask-extra-label\">En savoir plus<\/span>\n\t\t\t\t\t\t\t\t\t<\/span>\n\t\t\t<\/a>\n\t\t\t\t\t\t\t\t\t\t\t\t\t\t\t\t\t<\/div>\n\t\t\t\t\t\t\t\t\t\t\t<\/div>\n\t\t\t\t<\/div>\n\t\t\t<\/div>\n\t\t<\/section>\n\t","protected":false},"excerpt":{"rendered":"","protected":false},"author":4,"featured_media":0,"parent":0,"menu_order":55,"comment_status":"closed","ping_status":"closed","template":"","meta":{"_acf_changed":false,"footnotes":""},"class_list":["post-9955","page","type-page","status-publish","hentry"],"acf":[],"_links":{"self":[{"href":"https:\/\/www.toonboom.com\/fr\/wp-json\/wp\/v2\/pages\/9955","targetHints":{"allow":["GET"]}}],"collection":[{"href":"https:\/\/www.toonboom.com\/fr\/wp-json\/wp\/v2\/pages"}],"about":[{"href":"https:\/\/www.toonboom.com\/fr\/wp-json\/wp\/v2\/types\/page"}],"author":[{"embeddable":true,"href":"https:\/\/www.toonboom.com\/fr\/wp-json\/wp\/v2\/users\/4"}],"replies":[{"embeddable":true,"href":"https:\/\/www.toonboom.com\/fr\/wp-json\/wp\/v2\/comments?post=9955"}],"version-history":[{"count":5,"href":"https:\/\/www.toonboom.com\/fr\/wp-json\/wp\/v2\/pages\/9955\/revisions"}],"predecessor-version":[{"id":18914,"href":"https:\/\/www.toonboom.com\/fr\/wp-json\/wp\/v2\/pages\/9955\/revisions\/18914"}],"wp:attachment":[{"href":"https:\/\/www.toonboom.com\/fr\/wp-json\/wp\/v2\/media?parent=9955"}],"curies":[{"name":"wp","href":"https:\/\/api.w.org\/{rel}","templated":true}]}}