{"id":9959,"date":"2025-04-23T20:41:50","date_gmt":"2025-04-24T00:41:50","guid":{"rendered":"https:\/\/www.toonboom.com\/?page_id=9959"},"modified":"2026-03-25T11:34:36","modified_gmt":"2026-03-25T15:34:36","slug":"les-etudiants","status":"publish","type":"page","link":"https:\/\/www.toonboom.com\/fr\/les-etudiants","title":{"rendered":"\u00c9tudiants"},"content":{"rendered":"\t\t<header class=\"header-secondary-c section-block orange-accent\" data-scroll-section>\n\t\t\t<div class=\"container\">\n\t\t\t\t<div class=\"row row-main\">\n\t\t\t\t\t<div class=\"col-md-6 col-content\">\n\t\t\t\t\t\t<div class=\"header\">\n\t\t\t\t\t\t\t\t\t\t\t\t\t\t\t<h1 class=\"upper-title-1\">\u00c9tudiants<\/h1>\t\t\t\t\t\t\t\n\t\t\t\t\t\t\t\t\t\t\t\t\t\t\t<h2 class=\"title title-1\">Apprenez le m\u00e9tier de l'animation<\/h2>\t\t\t\t\t\t\t\t\t\t\t\n\t\t\t\t\t\t\t\t\t\t\t\t\t\t\t\t\t\t\t\t\t\t\t\t<div class=\"text\">\n\t\t\t\t\t\t\t\t\t\t<p>En tant qu'\u00e9tudiant en animation, il est utile d'apprendre \u00e0 dessiner, squelettiser et animer avec des outils utilis\u00e9s par les studios du monde entier. Apprendre le logiciel polyvalent de Toon Boom vous sera utile pour postuler \u00e0 votre premier emploi en studio.<\/p>\n\t\t\t\t\t\t\t\t\t<\/div>\n\t\t\t\t\t\t\t\t\n\t\t\t\t\t\t\t\t\t\t\t\t\t\t\t\t\t\t\t\t\t<\/div>\n\t\t\t\t\t<\/div>\n\t\t\t\t\t<div class=\"col-md-5 offset-md-1 col-image\">\n\t\t\t\t\t\t<div class=\"image-wrapper\">\n\t\t\t\t\t\t\t\t\t\t\t\t\t\t\t\t\t\t\t\t\t\t<img fetchpriority=\"high\" decoding=\"async\" width=\"546\" height=\"576\" src=\"https:\/\/cdn3.toonboom.com\/wp-content\/uploads\/2025\/05\/13095403\/Asset.png\" class=\"image\" alt=\"\" sizes=\"auto\" loading=\"eager\" srcset=\"https:\/\/cdn3.toonboom.com\/wp-content\/uploads\/2025\/05\/13095403\/Asset.png 546w, https:\/\/cdn3.toonboom.com\/wp-content\/uploads\/2025\/05\/13095403\/Asset-284x300.png 284w, https:\/\/cdn3.toonboom.com\/wp-content\/uploads\/2025\/05\/13095403\/Asset-96x101.png 96w, https:\/\/cdn3.toonboom.com\/wp-content\/uploads\/2025\/05\/13095403\/Asset-80x84.png 80w, https:\/\/cdn3.toonboom.com\/wp-content\/uploads\/2025\/05\/13095403\/Asset-186x196.png 186w, https:\/\/cdn3.toonboom.com\/wp-content\/uploads\/2025\/05\/13095403\/Asset-206x217.png 206w, https:\/\/cdn3.toonboom.com\/wp-content\/uploads\/2025\/05\/13095403\/Asset-238x251.png 238w, https:\/\/cdn3.toonboom.com\/wp-content\/uploads\/2025\/05\/13095403\/Asset-275x290.png 275w, https:\/\/cdn3.toonboom.com\/wp-content\/uploads\/2025\/05\/13095403\/Asset-428x452.png 428w\" \/>\t\t\t\t\t\t\t\t\t\t\t\t\t<\/div>\n\t\t\t\t\t<\/div>\n\t\t\t\t<\/div>\n\t\t\t<\/div>\n\t\t<\/header>\n\t\n\n\t\t<section class=\"list-text-links-a section-block magenta-theme \" data-scroll-section>\n\t\t\t<div class=\"container\">\n\t\t\t\t<div class=\"row row-main\" data-sticky-element-parent>\n\t\t\t\t\t<div class=\"col-md-5 col-left\" >\n\t\t\t\t\t\t<div class=\"content-wrapper\" >\n\t\t\t\t\t\t\t<div class=\"content-inner\" data-animation=\"stickyElement\">\n\t\t\t\t\t\t\t\t\n\t\t\t\t\t\t\t\t\t\t\t\t\t\t\t\t\t<h2 class=\"title-2\">Par o\u00f9 commencer ?<\/h2>\t\t\t\t\t\t\t\t\n\t\t\t\t\t\t\t\t\t\t\t\t\t\t\t\t\t<div class=\"text\">\n\t\t\t\t\t\t\t\t\t\t<p>Vous souhaitez apprendre \u00e0 utiliser les outils d'animation standards du secteur ? Toon Boom Animation propose des ressources pour les \u00e9l\u00e8ves de tous niveaux.<\/p>\n\t\t\t\t\t\t\t\t\t<\/div>\n\t\t\t\t\t\t\t\t\n\t\t\t\t\t\t\t\t\n\t\t\t\t\t\t\t\t\t\t\t\t\t\t\t<\/div>\n\t\t\t\t\t\t<\/div>\n\t\t\t\t\t<\/div>\n\t\t\t\t\t\t\t\t\t\t\t<div class=\"col-md-7 right-column\">\n\t\t\t\t\t\t\t<ul class=\"items-list\">\n\t\t\t\t\t\t\t\t\t\t\t\t\t\t\t\t\t\t\t\t\t\t\t\t\t\t<li class=\"list-item\">\n\t\t\t\t\t\t\t\t\t\t<a href=\"https:\/\/shop.toonboom.com\/fr?tab=students\" target=\"\" class=\"link-overlay\"><\/a>\t\t\t\t\t\t\t\t\t\t<div class=\"content\">\n\t\t\t\t\t\t\t\t\t\t\t\t\t\t\t\t\t\t\t\t\t\t<h3 class=\"title-4 item-title\">Essayez-le<\/h3>\t\t\t\t\t\t\t\t\t\t\t\t\t\t\t\t\t\t\t\t\t\t\t<div class=\"description\">\n\t\t\t\t\t\t\t\t\t\t\t\t\t<p>T\u00e9l\u00e9chargez une version d'essai de 14 jours pour Harmony Premium ou Storyboard Pro, obtenez une cl\u00e9 de licence aupr\u00e8s des \u00e9coles participantes ou abonnez-vous \u00e0 une licence \u00e9tudiante \u00e0 prix r\u00e9duit.<\/p>\n\t\t\t\t\t\t\t\t\t\t\t\t<\/div>\n\t\t\t\t\t\t\t\t\t\t\t\t\t\t\t\t\t\t\t\t\t<\/div>\n\t\t\t\t\t\t\t\t\t\t\t\t\t\t\t\t\t\t\t\t\t\t\t\t<button class=\"button button-secondary button-icon\" aria-label=\"\">\n\t\t\t\t<span class=\"button-mask\">\n\t\t\t\t\t<span class=\"mask-label\"><i class=\"material-symbols-outlined icon\" aria-hidden=\"true\">arrow_forward<\/i><\/span>\n\t\t\t\t\t\t\t\t\t\t\t<span aria-hidden=\"true\" class=\"mask-extra-label\"><i class=\"material-symbols-outlined icon\" aria-hidden=\"true\">arrow_forward<\/i><\/span>\n\t\t\t\t\t\t\t\t\t<\/span>\n\t\t\t<\/button>\n\t\t\t\t\t\t\t\t\t\t\t\t\t\t\t\t\t\t\t\t\t<\/li>\n\t\t\t\t\t\t\t\t\t\t\t\t\t\t\t\t\t\t\t\t\t\t\t\t\t\t<li class=\"list-item\">\n\t\t\t\t\t\t\t\t\t\t<a href=\"https:\/\/learn.toonboom.com\/fr\" target=\"_blank\" class=\"link-overlay\"><\/a>\t\t\t\t\t\t\t\t\t\t<div class=\"content\">\n\t\t\t\t\t\t\t\t\t\t\t\t\t\t\t\t\t\t\t\t\t\t<h3 class=\"title-4 item-title\">Explorez<\/h3>\t\t\t\t\t\t\t\t\t\t\t\t\t\t\t\t\t\t\t\t\t\t\t<div class=\"description\">\n\t\t\t\t\t\t\t\t\t\t\t\t\t<p>Explorez des vid\u00e9os et des tutoriels gratuits via notre portail d'apprentissage.<\/p>\n\t\t\t\t\t\t\t\t\t\t\t\t<\/div>\n\t\t\t\t\t\t\t\t\t\t\t\t\t\t\t\t\t\t\t\t\t<\/div>\n\t\t\t\t\t\t\t\t\t\t\t\t\t\t\t\t\t\t\t\t\t\t\t\t<button class=\"button button-secondary button-icon\" aria-label=\"\">\n\t\t\t\t<span class=\"button-mask\">\n\t\t\t\t\t<span class=\"mask-label\"><i class=\"material-symbols-outlined icon\" aria-hidden=\"true\">arrow_forward<\/i><\/span>\n\t\t\t\t\t\t\t\t\t\t\t<span aria-hidden=\"true\" class=\"mask-extra-label\"><i class=\"material-symbols-outlined icon\" aria-hidden=\"true\">arrow_forward<\/i><\/span>\n\t\t\t\t\t\t\t\t\t<\/span>\n\t\t\t<\/button>\n\t\t\t\t\t\t\t\t\t\t\t\t\t\t\t\t\t\t\t\t\t<\/li>\n\t\t\t\t\t\t\t\t\t\t\t\t\t\t\t<\/ul>\n\t\t\t\t\t\t<\/div>\n\t\t\t\t\t\t\t\t\t<\/div>\n\t\t\t<\/div>\n\t\t<\/section>\n\t\n\n\t\t<section class=\"media-player-a section-block orange-accent text-under\" data-scroll-section>\n\t\t\t<div class=\"container\">\n\t\t\t\t<div class=\"row row-main\">\n\t\t\t\t\t\t\t\t\t\t\t<div class=\"col-md-8 offset-md-1 col-title\">\n\t\t\t\t\t\t\t<div class=\"text-wrapper\">\n\t\t\t\t\t\t\t\t<h2 class=\"title-2\">Bande d\u00e9mo p\u00e9dagogique 2025<\/h2>\t\t\t\t\t\t\t\t\t\t\t<button class=\"button button-primary button-icon button-play\" aria-label=\"Jouer\">\n\t\t\t\t<span class=\"button-mask\">\n\t\t\t\t\t<span class=\"mask-label\"><i class=\"material-symbols-outlined icon\" aria-hidden=\"true\">play_arrow<\/i><\/span>\n\t\t\t\t\t\t\t\t\t\t\t<span aria-hidden=\"true\" class=\"mask-extra-label\"><i class=\"material-symbols-outlined icon\" aria-hidden=\"true\">play_arrow<\/i><\/span>\n\t\t\t\t\t\t\t\t\t<\/span>\n\t\t\t<\/button>\n\t\t\t\t\t\t\t\t\t<\/div>\n\t\t\t\t\t\t<\/div>\n\t\t\t\t\t\t\t\t\t\t\t\t\t\t\t\t<div class=\"col-md-10 offset-md-1 col-player\">\n\t\t\t\t\t\t\t\n\t<div class=\"media-wrapper\" data-video-player-dialog-trigger=\"video-player-overlay-1\">\n\t\t\t\t\t\t\t\t\t\t\t\t<video class=\"loop-video\" autoplay muted playsinline loop disableRemotePlayback playsinline webkit-playsinline>\n\t\t\t\t\t\t\t\t\t\t\t\t\t\t\t\t<source src=\"https:\/\/cdn3.toonboom.com\/wp-content\/uploads\/2025\/07\/25133641\/education-showreel-loop-2025-compressed.mp4\" type=\"video\/mp4\">\n\t\t\t\t\t\t\t\t\t<\/video>\n\t\t\t\t\t\t\t\t\n\t\t\t<\/div>\n\t\t\t\n<dialog id=\"video-player-overlay-1\" class=\"dialog video-player-overlay yellow-accent\" data-video-player-iframe data-dialog-video-player-overlay=\"video-player-overlay-1\" title=\"video_player.iframe.title\" allow=\"accelerometer; fullscreen; clipboard-write; encrypted-media; gyroscope; picture-in-picture; web-share; autoplay\" src=\"https:\/\/www.youtube.com\/embed\/BLE4VYjr5fk?enablejsapi=1\">\n\t<div class=\"dialog-wrapper\">\n\t\t\t\t\t<button class=\"button button-primary button-icon dialog-close\" data-video-player-dialog-close aria-label=\"Fermer\">\n\t\t\t\t<span class=\"button-mask\">\n\t\t\t\t\t<span class=\"mask-label\"><i class=\"material-symbols-outlined icon\" aria-hidden=\"true\">close<\/i><\/span>\n\t\t\t\t\t\t\t\t\t\t\t<span aria-hidden=\"true\" class=\"mask-extra-label\"><i class=\"material-symbols-outlined icon\" aria-hidden=\"true\">close<\/i><\/span>\n\t\t\t\t\t\t\t\t\t<\/span>\n\t\t\t<\/button>\n\t\t\t\t<div class=\"dialog-content\" data-dialog-content>\n\t\t\t\t\t\t\t\t\t\t\t<iframe class=\"iframe\" data-video-player-iframe data-dialog-video-player-overlay=\"video-player-overlay-1\" title=\"video_player.iframe.title\" allow=\"accelerometer; fullscreen; clipboard-write; encrypted-media; gyroscope; picture-in-picture; web-share; autoplay\" src=\"https:\/\/www.youtube.com\/embed\/BLE4VYjr5fk?enablejsapi=1\" loading=\"lazy\"><\/iframe>\n\t\t\t\t\t<\/div>\n\t<\/div>\n<\/dialog>\t\t\t\t\t\t\t<\/div>\n\t\t\t\t\t\t\t\t\t<\/div>\n\t\t\t<\/div>\n\t\t<\/section>\n\t","protected":false},"excerpt":{"rendered":"","protected":false},"author":4,"featured_media":0,"parent":0,"menu_order":58,"comment_status":"closed","ping_status":"closed","template":"","meta":{"_acf_changed":false,"footnotes":""},"class_list":["post-9959","page","type-page","status-publish","hentry"],"acf":[],"_links":{"self":[{"href":"https:\/\/www.toonboom.com\/fr\/wp-json\/wp\/v2\/pages\/9959","targetHints":{"allow":["GET"]}}],"collection":[{"href":"https:\/\/www.toonboom.com\/fr\/wp-json\/wp\/v2\/pages"}],"about":[{"href":"https:\/\/www.toonboom.com\/fr\/wp-json\/wp\/v2\/types\/page"}],"author":[{"embeddable":true,"href":"https:\/\/www.toonboom.com\/fr\/wp-json\/wp\/v2\/users\/4"}],"replies":[{"embeddable":true,"href":"https:\/\/www.toonboom.com\/fr\/wp-json\/wp\/v2\/comments?post=9959"}],"version-history":[{"count":5,"href":"https:\/\/www.toonboom.com\/fr\/wp-json\/wp\/v2\/pages\/9959\/revisions"}],"predecessor-version":[{"id":22378,"href":"https:\/\/www.toonboom.com\/fr\/wp-json\/wp\/v2\/pages\/9959\/revisions\/22378"}],"wp:attachment":[{"href":"https:\/\/www.toonboom.com\/fr\/wp-json\/wp\/v2\/media?parent=9959"}],"curies":[{"name":"wp","href":"https:\/\/api.w.org\/{rel}","templated":true}]}}