{"id":6319,"date":"2025-05-07T12:01:50","date_gmt":"2025-05-07T16:01:50","guid":{"rendered":"https:\/\/www.toonboom.com\/product\/harmony-gaming-2\/"},"modified":"2025-10-29T14:22:50","modified_gmt":"2025-10-29T18:22:50","slug":"jump","status":"publish","type":"product","link":"https:\/\/www.toonboom.com\/fr\/produits\/jump","title":{"rendered":"Jump"},"content":{"rendered":"\t\t<div class=\"header-hero-a section-block orange-accent\" data-scroll-section>\n\t\t\t<div class=\"container container-main\">\n\t\t\t\t<div class=\"row row-main\">\n\t\t\t\t\t\t\t\t\t\t\t<div class=\"centered-content col-md-8 col-left\">\n\t\t\t\t\t\t\t<div class=\"logo\">\n\t\t\t\t\t\t\t\t\t\t\t\t\t\t\t\t\t<img decoding=\"async\" loading=\"lazy\" width=\"793\" height=\"160\" src=\"https:\/\/cdn3.toonboom.com\/wp-content\/uploads\/2025\/05\/02110309\/jump-4.svg\" class=\"image\" alt=\"\" sizes=\"auto\" \/>\t\t\t\t\t\t\t\t\t\t\t\t\t\t\t<\/div>\n\n\t\t\t\t\t\t\t<div class=\"content\">\n\t\t\t\t\t\t\t\t\n\t\t\t\t\t\t\t\t\t\t\t\t\t\t\t<\/div>\n\t\t\t\t\t\t<\/div>\n\t\t\t\t\t\t\t\t\t<\/div>\n\t\t\t<\/div>\n\t\t\t<div class=\"background-wrapper\">\n\t\t\t\t\t\t\t\t\n\t<div class=\"media-wrapper\" >\n\t\t\t\t\t\t\t\t\t\t\t\t<img decoding=\"async\" width=\"1920\" height=\"1080\" src=\"https:\/\/cdn3.toonboom.com\/wp-content\/uploads\/2025\/05\/23124651\/jump-hero.jpg\" class=\"static-image\" alt=\"\" loading=\"lazy\" srcset=\"https:\/\/cdn3.toonboom.com\/wp-content\/uploads\/2025\/05\/23124651\/jump-hero.jpg 1920w, https:\/\/cdn3.toonboom.com\/wp-content\/uploads\/2025\/05\/23124651\/jump-hero-300x169.jpg 300w, https:\/\/cdn3.toonboom.com\/wp-content\/uploads\/2025\/05\/23124651\/jump-hero-1024x576.jpg 1024w, https:\/\/cdn3.toonboom.com\/wp-content\/uploads\/2025\/05\/23124651\/jump-hero-768x432.jpg 768w, https:\/\/cdn3.toonboom.com\/wp-content\/uploads\/2025\/05\/23124651\/jump-hero-1536x864.jpg 1536w, https:\/\/cdn3.toonboom.com\/wp-content\/uploads\/2025\/05\/23124651\/jump-hero-96x54.jpg 96w, https:\/\/cdn3.toonboom.com\/wp-content\/uploads\/2025\/05\/23124651\/jump-hero-80x45.jpg 80w, https:\/\/cdn3.toonboom.com\/wp-content\/uploads\/2025\/05\/23124651\/jump-hero-186x105.jpg 186w, https:\/\/cdn3.toonboom.com\/wp-content\/uploads\/2025\/05\/23124651\/jump-hero-206x116.jpg 206w, https:\/\/cdn3.toonboom.com\/wp-content\/uploads\/2025\/05\/23124651\/jump-hero-238x134.jpg 238w, https:\/\/cdn3.toonboom.com\/wp-content\/uploads\/2025\/05\/23124651\/jump-hero-275x155.jpg 275w, https:\/\/cdn3.toonboom.com\/wp-content\/uploads\/2025\/05\/23124651\/jump-hero-428x241.jpg 428w, https:\/\/cdn3.toonboom.com\/wp-content\/uploads\/2025\/05\/23124651\/jump-hero-550x309.jpg 550w, https:\/\/cdn3.toonboom.com\/wp-content\/uploads\/2025\/05\/23124651\/jump-hero-580x326.jpg 580w, https:\/\/cdn3.toonboom.com\/wp-content\/uploads\/2025\/05\/23124651\/jump-hero-780x439.jpg 780w, https:\/\/cdn3.toonboom.com\/wp-content\/uploads\/2025\/05\/23124651\/jump-hero-885x498.jpg 885w, https:\/\/cdn3.toonboom.com\/wp-content\/uploads\/2025\/05\/23124651\/jump-hero-900x506.jpg 900w, https:\/\/cdn3.toonboom.com\/wp-content\/uploads\/2025\/05\/23124651\/jump-hero-960x540.jpg 960w, https:\/\/cdn3.toonboom.com\/wp-content\/uploads\/2025\/05\/23124651\/jump-hero-1160x653.jpg 1160w, https:\/\/cdn3.toonboom.com\/wp-content\/uploads\/2025\/05\/23124651\/jump-hero-1280x720.jpg 1280w, https:\/\/cdn3.toonboom.com\/wp-content\/uploads\/2025\/05\/23124651\/jump-hero-1366x768.jpg 1366w, https:\/\/cdn3.toonboom.com\/wp-content\/uploads\/2025\/05\/23124651\/jump-hero-1440x810.jpg 1440w, https:\/\/cdn3.toonboom.com\/wp-content\/uploads\/2025\/05\/23124651\/jump-hero-1600x900.jpg 1600w\" sizes=\"auto, (max-width: 1920px) 100vw, 1920px\" \/>\t\t\t\t\t\t\t\t\n\t\t\t<\/div>\n\t\t\t\t<\/div>\n\t\t<\/div>\n\t\n\n\t\t<section class=\"text-standard section-block orange-accent\" data-scroll-section>\n\t\t\t<div class=\"container\">\n\t\t\t\t<div class=\"row row-main\">\n\t\t\t\t\t\t\t\t\t\t\t<div class=\"col-md-8 offset-md-2 col-content\">\n\t\t\t\t\t\t\t\t\t\t\t\t\t\t\t<span class=\"upper-title-1\">Pour notre communaut\u00e9 b\u00eata JUMP<\/span>\n\t\t\t\t\t\t\t\n\t\t\t\t\t\t\t<h2 class=\"title-2\">Des nouvelles du programme b\u00eata JUMP<\/h2>\n\t\t\t\t\t\t\t\t\t\t\t\t\t\t\t<p>Toute l'\u00e9quipe de Toon Boom tient \u00e0 vous remercier chaleureusement pour votre incroyable cr\u00e9ativit\u00e9, votre \u00e9nergie et votre soutien tout au long du programme b\u00eata JUMP. JUMP a \u00e9t\u00e9 un projet vraiment sp\u00e9cial pour nous et vos contributions et votre enthousiasme ont \u00e9t\u00e9 tr\u00e8s pr\u00e9cieux.<\/p>\n<p>Alors que nous nous tournons vers l'avenir, nous profitons de cette occasion pour r\u00e9fl\u00e9chir \u00e0 tout ce que nous avons appris gr\u00e2ce \u00e0 la version b\u00eata. Bien qu'aucune d\u00e9cision d\u00e9finitive n'ait \u00e9t\u00e9 prise, <strong>nous ne pr\u00e9voyons pas reprendre le d\u00e9veloppement actif de JUMP<\/strong> \u00e0 court terme. Cette p\u00e9riode de r\u00e9flexion est essentielle pour d\u00e9terminer comment nous pouvons soutenir au mieux les cr\u00e9ateurs et cr\u00e9atrices de jeux 2D avec nos outils et services dans le futur.<\/p>\n<p>Merci encore d'avoir particip\u00e9 \u00e0 cette aventure. Nous ne manquerons pas de vous tenir inform\u00e9s d\u00e8s que possible.<\/p>\n<p>Pour toute question concernant l'implication de Toon Boom dans le d\u00e9veloppement de jeux, veuillez contacter : <a href=\"mailto:jump-beta@toonboom.com\">jump-beta@toonboom.com<\/a>.<\/p>\n\t\t\t\t\t\t\t\n\t\t\t\t\t\t\t\t\t\t\t\t\t<\/div>\n\t\t\t\t\t\t\t\t\t<\/div>\n\t\t\t<\/div>\n\t\t<\/section>\n\t","protected":false},"featured_media":6324,"template":"","tax_product_category":[],"class_list":["post-6319","product","type-product","status-publish","has-post-thumbnail","hentry"],"acf":[],"_links":{"self":[{"href":"https:\/\/www.toonboom.com\/fr\/wp-json\/wp\/v2\/product\/6319","targetHints":{"allow":["GET"]}}],"collection":[{"href":"https:\/\/www.toonboom.com\/fr\/wp-json\/wp\/v2\/product"}],"about":[{"href":"https:\/\/www.toonboom.com\/fr\/wp-json\/wp\/v2\/types\/product"}],"wp:featuredmedia":[{"embeddable":true,"href":"https:\/\/www.toonboom.com\/fr\/wp-json\/wp\/v2\/media\/6324"}],"wp:attachment":[{"href":"https:\/\/www.toonboom.com\/fr\/wp-json\/wp\/v2\/media?parent=6319"}],"wp:term":[{"taxonomy":"product_category","embeddable":true,"href":"https:\/\/www.toonboom.com\/fr\/wp-json\/wp\/v2\/tax_product_category?post=6319"}],"curies":[{"name":"wp","href":"https:\/\/api.w.org\/{rel}","templated":true}]}}